{"id":25067,"date":"2026-03-24T13:07:08","date_gmt":"2026-03-24T12:07:08","guid":{"rendered":"https:\/\/scroll-zone.com\/ro\/produs\/reflexpro-product\/"},"modified":"2026-03-24T13:58:10","modified_gmt":"2026-03-24T12:58:10","slug":"revolutie-in-antrenamentul-reflexelor-si-fortei","status":"publish","type":"product","link":"https:\/\/scroll-zone.com\/ro\/produs\/revolutie-in-antrenamentul-reflexelor-si-fortei\/","title":{"rendered":"Revolu\u021bie \u00een antrenamentul reflexelor \u0219i for\u021bei"},"content":{"rendered":"","protected":false},"excerpt":{"rendered":"<p>Experimenta\u021bi un nou nivel de precizie, vitez\u0103 \u0219i for\u021b\u0103 cu sacul de reflexie conceput pentru performan\u021be maxime. Datorit\u0103 solu\u021biilor inteligente f\u0103r\u0103 arcuri \u0219i tehnologiei care reduce zgomotul, fiecare lovitur\u0103 este lin\u0103, silen\u021bioas\u0103 \u0219i eficient\u0103. Este ideal pentru antrenamentele acas\u0103, lupt\u0103torii profesioni\u0219ti \u0219i to\u021bi cei care doresc un rezultat serios f\u0103r\u0103 complica\u021bii.<\/p>\n","protected":false},"featured_media":25068,"comment_status":"closed","ping_status":"closed","template":"","meta":{"inline_featured_image":false},"product_brand":[],"product_cat":[15,25,24,35],"product_tag":[],"class_list":{"0":"post-25067","1":"product","2":"type-product","3":"status-publish","4":"has-post-thumbnail","6":"product_cat-uncategorized","7":"product_cat-car","8":"product_cat-sale","9":"product_cat-fun","11":"first","12":"instock","13":"sale","14":"taxable","15":"shipping-taxable","16":"purchasable","17":"product-type-simple"},"acf":[],"_links":{"self":[{"href":"https:\/\/scroll-zone.com\/ro\/wp-json\/wp\/v2\/product\/25067","targetHints":{"allow":["GET"]}}],"collection":[{"href":"https:\/\/scroll-zone.com\/ro\/wp-json\/wp\/v2\/product"}],"about":[{"href":"https:\/\/scroll-zone.com\/ro\/wp-json\/wp\/v2\/types\/product"}],"replies":[{"embeddable":true,"href":"https:\/\/scroll-zone.com\/ro\/wp-json\/wp\/v2\/comments?post=25067"}],"wp:featuredmedia":[{"embeddable":true,"href":"https:\/\/scroll-zone.com\/ro\/wp-json\/wp\/v2\/media\/25068"}],"wp:attachment":[{"href":"https:\/\/scroll-zone.com\/ro\/wp-json\/wp\/v2\/media?parent=25067"}],"wp:term":[{"taxonomy":"product_brand","embeddable":true,"href":"https:\/\/scroll-zone.com\/ro\/wp-json\/wp\/v2\/product_brand?post=25067"},{"taxonomy":"product_cat","embeddable":true,"href":"https:\/\/scroll-zone.com\/ro\/wp-json\/wp\/v2\/product_cat?post=25067"},{"taxonomy":"product_tag","embeddable":true,"href":"https:\/\/scroll-zone.com\/ro\/wp-json\/wp\/v2\/product_tag?post=25067"}],"curies":[{"name":"wp","href":"https:\/\/api.w.org\/{rel}","templated":true}]}}