{"id":22014,"date":"2025-12-02T15:54:58","date_gmt":"2025-12-02T14:54:58","guid":{"rendered":"https:\/\/scroll-zone.com\/ro\/produs\/sewingbook-product\/"},"modified":"2025-12-09T00:53:04","modified_gmt":"2025-12-08T23:53:04","slug":"sewingbook-productset-creativ-pentru-cusut-si-brodat","status":"publish","type":"product","link":"https:\/\/scroll-zone.com\/ro\/produs\/sewingbook-productset-creativ-pentru-cusut-si-brodat\/","title":{"rendered":"Set creativ pentru cusut \u0219i brodat"},"content":{"rendered":"","protected":false},"excerpt":{"rendered":"<p>Descoperi\u021bi un set practic \u0219i inspirator care combin\u0103 cusutul \u0219i broderia \u00eentr-un format compact.<br \/>\nEste ideal pentru \u00eencep\u0103tori \u0219i iubitorii de lucr\u0103ri manuale care doresc s\u0103 creeze oriunde s-ar afla.<br \/>\nAici ac\u021bioneaz\u0103 natural, mai eficient \u0219i subliniaz\u0103 valoarea produsului f\u0103r\u0103 a aglomera textul.<\/p>\n","protected":false},"featured_media":22015,"comment_status":"closed","ping_status":"closed","template":"","meta":{"inline_featured_image":false},"product_brand":[],"product_cat":[15,27,24,35],"product_tag":[],"class_list":{"0":"post-22014","1":"product","2":"type-product","3":"status-publish","4":"has-post-thumbnail","6":"product_cat-uncategorized","7":"product_cat-home","8":"product_cat-sale","9":"product_cat-fun","11":"first","12":"instock","13":"sale","14":"taxable","15":"shipping-taxable","16":"purchasable","17":"product-type-simple"},"acf":[],"_links":{"self":[{"href":"https:\/\/scroll-zone.com\/ro\/wp-json\/wp\/v2\/product\/22014","targetHints":{"allow":["GET"]}}],"collection":[{"href":"https:\/\/scroll-zone.com\/ro\/wp-json\/wp\/v2\/product"}],"about":[{"href":"https:\/\/scroll-zone.com\/ro\/wp-json\/wp\/v2\/types\/product"}],"replies":[{"embeddable":true,"href":"https:\/\/scroll-zone.com\/ro\/wp-json\/wp\/v2\/comments?post=22014"}],"wp:featuredmedia":[{"embeddable":true,"href":"https:\/\/scroll-zone.com\/ro\/wp-json\/wp\/v2\/media\/22015"}],"wp:attachment":[{"href":"https:\/\/scroll-zone.com\/ro\/wp-json\/wp\/v2\/media?parent=22014"}],"wp:term":[{"taxonomy":"product_brand","embeddable":true,"href":"https:\/\/scroll-zone.com\/ro\/wp-json\/wp\/v2\/product_brand?post=22014"},{"taxonomy":"product_cat","embeddable":true,"href":"https:\/\/scroll-zone.com\/ro\/wp-json\/wp\/v2\/product_cat?post=22014"},{"taxonomy":"product_tag","embeddable":true,"href":"https:\/\/scroll-zone.com\/ro\/wp-json\/wp\/v2\/product_tag?post=22014"}],"curies":[{"name":"wp","href":"https:\/\/api.w.org\/{rel}","templated":true}]}}