{"id":21412,"date":"2025-10-11T02:20:30","date_gmt":"2025-10-11T00:20:30","guid":{"rendered":"https:\/\/scroll-zone.com\/ro\/produs\/ulrepvo-product\/"},"modified":"2026-03-10T21:18:36","modified_gmt":"2026-03-10T20:18:36","slug":"protectie-cu-ultrasunete-impotriva-rozatoarelor","status":"publish","type":"product","link":"https:\/\/scroll-zone.com\/ro\/produs\/protectie-cu-ultrasunete-impotriva-rozatoarelor\/","title":{"rendered":"Protec\u021bie cu ultrasunete \u00eempotriva roz\u0103toarelor"},"content":{"rendered":"","protected":false},"excerpt":{"rendered":"<p>Dispozitiv electronic care respinge \u0219oarecii \u0219i al\u021bi roz\u0103tori prin unde sonore de \u00eenalt\u0103 frecven\u021b\u0103.<br data-start=\"198\" data-end=\"201\" \/>Indetectabil pentru urechea uman\u0103, dar provoac\u0103 disconfort \u0219i respingere roz\u0103toarelor.<br data-start=\"287\" data-end=\"290\" \/>U\u0219or de utilizat \u0219i sigur pentru oameni \u0219i animale de companie.<\/p>\n","protected":false},"featured_media":21430,"comment_status":"closed","ping_status":"closed","template":"","meta":{"inline_featured_image":false},"product_brand":[],"product_cat":[15,27,24,26],"product_tag":[],"class_list":{"0":"post-21412","1":"product","2":"type-product","3":"status-publish","4":"has-post-thumbnail","6":"product_cat-uncategorized","7":"product_cat-home","8":"product_cat-sale","9":"product_cat-health","11":"first","12":"instock","13":"sale","14":"taxable","15":"shipping-taxable","16":"purchasable","17":"product-type-simple"},"acf":[],"_links":{"self":[{"href":"https:\/\/scroll-zone.com\/ro\/wp-json\/wp\/v2\/product\/21412","targetHints":{"allow":["GET"]}}],"collection":[{"href":"https:\/\/scroll-zone.com\/ro\/wp-json\/wp\/v2\/product"}],"about":[{"href":"https:\/\/scroll-zone.com\/ro\/wp-json\/wp\/v2\/types\/product"}],"replies":[{"embeddable":true,"href":"https:\/\/scroll-zone.com\/ro\/wp-json\/wp\/v2\/comments?post=21412"}],"wp:featuredmedia":[{"embeddable":true,"href":"https:\/\/scroll-zone.com\/ro\/wp-json\/wp\/v2\/media\/21430"}],"wp:attachment":[{"href":"https:\/\/scroll-zone.com\/ro\/wp-json\/wp\/v2\/media?parent=21412"}],"wp:term":[{"taxonomy":"product_brand","embeddable":true,"href":"https:\/\/scroll-zone.com\/ro\/wp-json\/wp\/v2\/product_brand?post=21412"},{"taxonomy":"product_cat","embeddable":true,"href":"https:\/\/scroll-zone.com\/ro\/wp-json\/wp\/v2\/product_cat?post=21412"},{"taxonomy":"product_tag","embeddable":true,"href":"https:\/\/scroll-zone.com\/ro\/wp-json\/wp\/v2\/product_tag?post=21412"}],"curies":[{"name":"wp","href":"https:\/\/api.w.org\/{rel}","templated":true}]}}