{"id":21048,"date":"2025-08-26T21:23:45","date_gmt":"2025-08-26T19:23:45","guid":{"rendered":"https:\/\/scroll-zone.com\/ro\/?post_type=product&#038;p=21048"},"modified":"2025-09-18T11:53:25","modified_gmt":"2025-09-18T09:53:25","slug":"mini-masina-de-sigilat-pungi","status":"publish","type":"product","link":"https:\/\/scroll-zone.com\/ro\/produs\/mini-masina-de-sigilat-pungi\/","title":{"rendered":"Mini ma\u0219in\u0103 de sigilat pungi"},"content":{"rendered":"","protected":false},"excerpt":{"rendered":"<p>Spune adio gust\u0103rilor vechi \u0219i m\u00e2nc\u0103rii v\u0103rsate! Mini ma\u0219ina practic\u0103 v\u0103 permite s\u0103 sigila\u021bi pungile rapid \u0219i sigur \u2013 \u00een doar c\u00e2teva secunde. Alimentele r\u0103m\u00e2n proaspete, gustoase \u0219i gata de savurat. F\u0103r\u0103 complica\u021bii \u2013 doar o buc\u0103t\u0103rie ordonat\u0103 \u0219i pl\u0103cut mirositoare!<\/p>\n","protected":false},"featured_media":21054,"comment_status":"closed","ping_status":"closed","template":"","meta":{"inline_featured_image":false},"product_brand":[],"product_cat":[15,25,27,35],"product_tag":[],"class_list":{"0":"post-21048","1":"product","2":"type-product","3":"status-publish","4":"has-post-thumbnail","6":"product_cat-uncategorized","7":"product_cat-car","8":"product_cat-home","9":"product_cat-fun","11":"first","12":"instock","13":"sale","14":"taxable","15":"shipping-taxable","16":"purchasable","17":"product-type-simple"},"acf":[],"_links":{"self":[{"href":"https:\/\/scroll-zone.com\/ro\/wp-json\/wp\/v2\/product\/21048","targetHints":{"allow":["GET"]}}],"collection":[{"href":"https:\/\/scroll-zone.com\/ro\/wp-json\/wp\/v2\/product"}],"about":[{"href":"https:\/\/scroll-zone.com\/ro\/wp-json\/wp\/v2\/types\/product"}],"replies":[{"embeddable":true,"href":"https:\/\/scroll-zone.com\/ro\/wp-json\/wp\/v2\/comments?post=21048"}],"wp:featuredmedia":[{"embeddable":true,"href":"https:\/\/scroll-zone.com\/ro\/wp-json\/wp\/v2\/media\/21054"}],"wp:attachment":[{"href":"https:\/\/scroll-zone.com\/ro\/wp-json\/wp\/v2\/media?parent=21048"}],"wp:term":[{"taxonomy":"product_brand","embeddable":true,"href":"https:\/\/scroll-zone.com\/ro\/wp-json\/wp\/v2\/product_brand?post=21048"},{"taxonomy":"product_cat","embeddable":true,"href":"https:\/\/scroll-zone.com\/ro\/wp-json\/wp\/v2\/product_cat?post=21048"},{"taxonomy":"product_tag","embeddable":true,"href":"https:\/\/scroll-zone.com\/ro\/wp-json\/wp\/v2\/product_tag?post=21048"}],"curies":[{"name":"wp","href":"https:\/\/api.w.org\/{rel}","templated":true}]}}