{"id":18976,"date":"2025-03-03T18:47:35","date_gmt":"2025-03-03T17:47:35","guid":{"rendered":"https:\/\/scroll-zone.com\/ro\/?post_type=product&#038;p=18976"},"modified":"2026-03-10T21:24:55","modified_gmt":"2026-03-10T20:24:55","slug":"set-de-gravura-de-litere","status":"publish","type":"product","link":"https:\/\/scroll-zone.com\/ro\/produs\/set-de-gravura-de-litere\/","title":{"rendered":"Set de gravur\u0103 de litere"},"content":{"rendered":"","protected":false},"excerpt":{"rendered":"<p>\u00centregul alfabet de litere pentru gravur\u0103. Crea\u021bi monograme, imprima\u021bi nume sau cuvinte \u00een relief sau personaliza\u021bi-v\u0103 munca!<\/p>\n","protected":false},"featured_media":18977,"comment_status":"closed","ping_status":"closed","template":"","meta":{"inline_featured_image":false},"product_brand":[],"product_cat":[15,35],"product_tag":[],"class_list":{"0":"post-18976","1":"product","2":"type-product","3":"status-publish","4":"has-post-thumbnail","6":"product_cat-uncategorized","7":"product_cat-fun","9":"first","10":"instock","11":"sale","12":"taxable","13":"shipping-taxable","14":"purchasable","15":"product-type-simple"},"acf":[],"_links":{"self":[{"href":"https:\/\/scroll-zone.com\/ro\/wp-json\/wp\/v2\/product\/18976","targetHints":{"allow":["GET"]}}],"collection":[{"href":"https:\/\/scroll-zone.com\/ro\/wp-json\/wp\/v2\/product"}],"about":[{"href":"https:\/\/scroll-zone.com\/ro\/wp-json\/wp\/v2\/types\/product"}],"replies":[{"embeddable":true,"href":"https:\/\/scroll-zone.com\/ro\/wp-json\/wp\/v2\/comments?post=18976"}],"wp:featuredmedia":[{"embeddable":true,"href":"https:\/\/scroll-zone.com\/ro\/wp-json\/wp\/v2\/media\/18977"}],"wp:attachment":[{"href":"https:\/\/scroll-zone.com\/ro\/wp-json\/wp\/v2\/media?parent=18976"}],"wp:term":[{"taxonomy":"product_brand","embeddable":true,"href":"https:\/\/scroll-zone.com\/ro\/wp-json\/wp\/v2\/product_brand?post=18976"},{"taxonomy":"product_cat","embeddable":true,"href":"https:\/\/scroll-zone.com\/ro\/wp-json\/wp\/v2\/product_cat?post=18976"},{"taxonomy":"product_tag","embeddable":true,"href":"https:\/\/scroll-zone.com\/ro\/wp-json\/wp\/v2\/product_tag?post=18976"}],"curies":[{"name":"wp","href":"https:\/\/api.w.org\/{rel}","templated":true}]}}