{"id":21751,"date":"2026-03-27T18:38:28","date_gmt":"2026-03-27T17:38:28","guid":{"rendered":"https:\/\/scroll-zone.com\/pl\/produkt\/heartxy-product\/"},"modified":"2026-04-08T12:54:32","modified_gmt":"2026-04-08T10:54:32","slug":"naszyjnik-z-metalowego-lancucha-w-ksztalcie-serca","status":"publish","type":"product","link":"https:\/\/scroll-zone.com\/pl\/produkt\/naszyjnik-z-metalowego-lancucha-w-ksztalcie-serca\/","title":{"rendered":"Naszyjnik z metalowego \u0142a\u0144cucha w kszta\u0142cie serca"},"content":{"rendered":"","protected":false},"excerpt":{"rendered":"<p>Ten naszyjnik doskonale \u0142\u0105czy elegancj\u0119 i uwodzicielsko\u015b\u0107, podkre\u015blaj\u0105c Twoje unikalne pi\u0119kno. Minimalistyczny design z sercem nadaje wyrafinowany i efektowny wygl\u0105d. Idealny na specjalne okazje, wieczorne wyj\u015bcia lub codzienne noszenie, kt\u00f3re przyci\u0105ga spojrzenia.<\/p>\n","protected":false},"featured_media":21752,"comment_status":"closed","ping_status":"closed","template":"","meta":{"inline_featured_image":false},"product_brand":[],"product_cat":[15,27,28,35],"product_tag":[],"class_list":{"0":"post-21751","1":"product","2":"type-product","3":"status-publish","4":"has-post-thumbnail","6":"product_cat-uncategorized","7":"product_cat-home","8":"product_cat-beauty","9":"product_cat-fun","11":"first","12":"instock","13":"sale","14":"taxable","15":"shipping-taxable","16":"purchasable","17":"product-type-simple"},"acf":[],"_links":{"self":[{"href":"https:\/\/scroll-zone.com\/pl\/wp-json\/wp\/v2\/product\/21751","targetHints":{"allow":["GET"]}}],"collection":[{"href":"https:\/\/scroll-zone.com\/pl\/wp-json\/wp\/v2\/product"}],"about":[{"href":"https:\/\/scroll-zone.com\/pl\/wp-json\/wp\/v2\/types\/product"}],"replies":[{"embeddable":true,"href":"https:\/\/scroll-zone.com\/pl\/wp-json\/wp\/v2\/comments?post=21751"}],"wp:featuredmedia":[{"embeddable":true,"href":"https:\/\/scroll-zone.com\/pl\/wp-json\/wp\/v2\/media\/21752"}],"wp:attachment":[{"href":"https:\/\/scroll-zone.com\/pl\/wp-json\/wp\/v2\/media?parent=21751"}],"wp:term":[{"taxonomy":"product_brand","embeddable":true,"href":"https:\/\/scroll-zone.com\/pl\/wp-json\/wp\/v2\/product_brand?post=21751"},{"taxonomy":"product_cat","embeddable":true,"href":"https:\/\/scroll-zone.com\/pl\/wp-json\/wp\/v2\/product_cat?post=21751"},{"taxonomy":"product_tag","embeddable":true,"href":"https:\/\/scroll-zone.com\/pl\/wp-json\/wp\/v2\/product_tag?post=21751"}],"curies":[{"name":"wp","href":"https:\/\/api.w.org\/{rel}","templated":true}]}}