{"id":21725,"date":"2026-03-27T13:58:39","date_gmt":"2026-03-27T12:58:39","guid":{"rendered":"https:\/\/scroll-zone.com\/pl\/produkt\/ncksty-product\/"},"modified":"2026-04-29T10:29:14","modified_gmt":"2026-04-29T08:29:14","slug":"pas-na-szyje-z-kajdankami-do-wiazania","status":"publish","type":"product","link":"https:\/\/scroll-zone.com\/pl\/produkt\/pas-na-szyje-z-kajdankami-do-wiazania\/","title":{"rendered":"Pas na szyj\u0119 z kajdankami do wi\u0105zania"},"content":{"rendered":"","protected":false},"excerpt":{"rendered":"<p>Dyskretny i wygodny zestaw, kt\u00f3ry wprowadza now\u0105 dynamik\u0119 w relacj\u0119 dwojga partner\u00f3w poprzez gr\u0119 zaufania i blisko\u015bci. Regulowany design zapewnia bezpieczne i przyjemne dopasowanie bez dyskomfortu. Wysokiej jako\u015bci materia\u0142y zapewniaj\u0105 trwa\u0142o\u015b\u0107 i przyjemne odczucia przy ka\u017cdym u\u017cyciu.<\/p>\n","protected":false},"featured_media":21726,"comment_status":"closed","ping_status":"closed","template":"","meta":{"inline_featured_image":false},"product_brand":[],"product_cat":[15,27,24,35],"product_tag":[],"class_list":{"0":"post-21725","1":"product","2":"type-product","3":"status-publish","4":"has-post-thumbnail","6":"product_cat-uncategorized","7":"product_cat-home","8":"product_cat-sale","9":"product_cat-fun","11":"first","12":"instock","13":"sale","14":"taxable","15":"shipping-taxable","16":"purchasable","17":"product-type-simple"},"acf":[],"_links":{"self":[{"href":"https:\/\/scroll-zone.com\/pl\/wp-json\/wp\/v2\/product\/21725","targetHints":{"allow":["GET"]}}],"collection":[{"href":"https:\/\/scroll-zone.com\/pl\/wp-json\/wp\/v2\/product"}],"about":[{"href":"https:\/\/scroll-zone.com\/pl\/wp-json\/wp\/v2\/types\/product"}],"replies":[{"embeddable":true,"href":"https:\/\/scroll-zone.com\/pl\/wp-json\/wp\/v2\/comments?post=21725"}],"wp:featuredmedia":[{"embeddable":true,"href":"https:\/\/scroll-zone.com\/pl\/wp-json\/wp\/v2\/media\/21726"}],"wp:attachment":[{"href":"https:\/\/scroll-zone.com\/pl\/wp-json\/wp\/v2\/media?parent=21725"}],"wp:term":[{"taxonomy":"product_brand","embeddable":true,"href":"https:\/\/scroll-zone.com\/pl\/wp-json\/wp\/v2\/product_brand?post=21725"},{"taxonomy":"product_cat","embeddable":true,"href":"https:\/\/scroll-zone.com\/pl\/wp-json\/wp\/v2\/product_cat?post=21725"},{"taxonomy":"product_tag","embeddable":true,"href":"https:\/\/scroll-zone.com\/pl\/wp-json\/wp\/v2\/product_tag?post=21725"}],"curies":[{"name":"wp","href":"https:\/\/api.w.org\/{rel}","templated":true}]}}