{"id":20909,"date":"2026-03-05T15:29:02","date_gmt":"2026-03-05T14:29:02","guid":{"rendered":"https:\/\/scroll-zone.com\/pl\/produkt\/airl-v-product\/"},"modified":"2026-03-10T18:37:33","modified_gmt":"2026-03-10T17:37:33","slug":"tasma-do-modelowania-i-liftingu-twarzy-v-line","status":"publish","type":"product","link":"https:\/\/scroll-zone.com\/pl\/produkt\/tasma-do-modelowania-i-liftingu-twarzy-v-line\/","title":{"rendered":"Ta\u015bma do modelowania i liftingu twarzy V-Line"},"content":{"rendered":"","protected":false},"excerpt":{"rendered":"<p>V-Line ta\u015bma do liftingu twarzy pomaga, aby twarz wygl\u0105da\u0142a na bardziej napi\u0119t\u0105 i zdefiniowan\u0105 w ca\u0142kowicie prosty spos\u00f3b. Specjalny design z pompk\u0105 powietrzn\u0105 tworzy delikatny nacisk, kt\u00f3ry wspiera lini\u0119 szcz\u0119ki i policzki. Jest idealna do codziennej rutyny piel\u0119gnacyjnej, gdy chcesz, aby twarz wygl\u0105da\u0142a \u015bwie\u017co i bardziej wymodelowana.<\/p>\n","protected":false},"featured_media":20911,"comment_status":"closed","ping_status":"closed","template":"","meta":{"inline_featured_image":false},"product_brand":[],"product_cat":[15,27,28,35],"product_tag":[],"class_list":{"0":"post-20909","1":"product","2":"type-product","3":"status-publish","4":"has-post-thumbnail","6":"product_cat-uncategorized","7":"product_cat-home","8":"product_cat-beauty","9":"product_cat-fun","11":"first","12":"instock","13":"sale","14":"taxable","15":"shipping-taxable","16":"purchasable","17":"product-type-simple"},"acf":[],"_links":{"self":[{"href":"https:\/\/scroll-zone.com\/pl\/wp-json\/wp\/v2\/product\/20909","targetHints":{"allow":["GET"]}}],"collection":[{"href":"https:\/\/scroll-zone.com\/pl\/wp-json\/wp\/v2\/product"}],"about":[{"href":"https:\/\/scroll-zone.com\/pl\/wp-json\/wp\/v2\/types\/product"}],"replies":[{"embeddable":true,"href":"https:\/\/scroll-zone.com\/pl\/wp-json\/wp\/v2\/comments?post=20909"}],"wp:featuredmedia":[{"embeddable":true,"href":"https:\/\/scroll-zone.com\/pl\/wp-json\/wp\/v2\/media\/20911"}],"wp:attachment":[{"href":"https:\/\/scroll-zone.com\/pl\/wp-json\/wp\/v2\/media?parent=20909"}],"wp:term":[{"taxonomy":"product_brand","embeddable":true,"href":"https:\/\/scroll-zone.com\/pl\/wp-json\/wp\/v2\/product_brand?post=20909"},{"taxonomy":"product_cat","embeddable":true,"href":"https:\/\/scroll-zone.com\/pl\/wp-json\/wp\/v2\/product_cat?post=20909"},{"taxonomy":"product_tag","embeddable":true,"href":"https:\/\/scroll-zone.com\/pl\/wp-json\/wp\/v2\/product_tag?post=20909"}],"curies":[{"name":"wp","href":"https:\/\/api.w.org\/{rel}","templated":true}]}}