{"id":20885,"date":"2026-03-04T07:57:06","date_gmt":"2026-03-04T06:57:06","guid":{"rendered":"https:\/\/scroll-zone.com\/pl\/produkt\/vsyset-product\/"},"modified":"2026-03-10T18:37:45","modified_gmt":"2026-03-10T17:37:45","slug":"dyskretne-koronkowe-majtki-z-wibracja","status":"publish","type":"product","link":"https:\/\/scroll-zone.com\/pl\/produkt\/dyskretne-koronkowe-majtki-z-wibracja\/","title":{"rendered":"Dyskretne koronkowe majtki z wibracj\u0105"},"content":{"rendered":"","protected":false},"excerpt":{"rendered":"<p>S\u0105 chwile, kiedy chcesz zachowa\u0107 elegancj\u0119, a jednak doda\u0107 co\u015b nieoczekiwanego.<br \/>\nTen model \u0142\u0105czy delikatny koronkowy design z subteln\u0105 technologi\u0105, kt\u00f3ra podnosi do\u015bwiadczenie na wy\u017cszy poziom.<br \/>\nIdealna r\u00f3wnowaga mi\u0119dzy stylem, komfortem a pe\u0142n\u0105 kontrol\u0105.<\/p>\n","protected":false},"featured_media":20886,"comment_status":"closed","ping_status":"closed","template":"","meta":{"inline_featured_image":false},"product_brand":[],"product_cat":[15,27,24,35],"product_tag":[],"class_list":{"0":"post-20885","1":"product","2":"type-product","3":"status-publish","4":"has-post-thumbnail","6":"product_cat-uncategorized","7":"product_cat-home","8":"product_cat-sale","9":"product_cat-fun","11":"first","12":"instock","13":"sale","14":"taxable","15":"shipping-taxable","16":"purchasable","17":"product-type-simple"},"acf":[],"_links":{"self":[{"href":"https:\/\/scroll-zone.com\/pl\/wp-json\/wp\/v2\/product\/20885","targetHints":{"allow":["GET"]}}],"collection":[{"href":"https:\/\/scroll-zone.com\/pl\/wp-json\/wp\/v2\/product"}],"about":[{"href":"https:\/\/scroll-zone.com\/pl\/wp-json\/wp\/v2\/types\/product"}],"replies":[{"embeddable":true,"href":"https:\/\/scroll-zone.com\/pl\/wp-json\/wp\/v2\/comments?post=20885"}],"wp:featuredmedia":[{"embeddable":true,"href":"https:\/\/scroll-zone.com\/pl\/wp-json\/wp\/v2\/media\/20886"}],"wp:attachment":[{"href":"https:\/\/scroll-zone.com\/pl\/wp-json\/wp\/v2\/media?parent=20885"}],"wp:term":[{"taxonomy":"product_brand","embeddable":true,"href":"https:\/\/scroll-zone.com\/pl\/wp-json\/wp\/v2\/product_brand?post=20885"},{"taxonomy":"product_cat","embeddable":true,"href":"https:\/\/scroll-zone.com\/pl\/wp-json\/wp\/v2\/product_cat?post=20885"},{"taxonomy":"product_tag","embeddable":true,"href":"https:\/\/scroll-zone.com\/pl\/wp-json\/wp\/v2\/product_tag?post=20885"}],"curies":[{"name":"wp","href":"https:\/\/api.w.org\/{rel}","templated":true}]}}