{"id":20817,"date":"2026-02-25T21:31:29","date_gmt":"2026-02-25T20:31:29","guid":{"rendered":"https:\/\/scroll-zone.com\/pl\/produkt\/puppy100004-product\/"},"modified":"2026-04-23T03:07:02","modified_gmt":"2026-04-23T01:07:02","slug":"interaktywny-inteligentny-pies-dla-dzieci","status":"publish","type":"product","link":"https:\/\/scroll-zone.com\/pl\/produkt\/interaktywny-inteligentny-pies-dla-dzieci\/","title":{"rendered":"Interaktywny inteligentny pies dla dzieci"},"content":{"rendered":"","protected":false},"excerpt":{"rendered":"<p>Interaktywne szczeni\u0119 reaguje na dotyk i ruch, zapewniaj\u0105c zabawn\u0105 i realistyczn\u0105 zabaw\u0119.<br \/>\nChodzi, szczeka, macha ogonem i zachowuje si\u0119 jak prawdziwy zwierzak, ale bez obowi\u0105zk\u00f3w i ba\u0142aganu.<br \/>\nTo doskona\u0142y prezent, kt\u00f3ry przynosi rado\u015b\u0107 i u\u015bmiech do ka\u017cdego domu.<\/p>\n","protected":false},"featured_media":20818,"comment_status":"closed","ping_status":"closed","template":"","meta":{"inline_featured_image":false},"product_brand":[],"product_cat":[15,27,24,35],"product_tag":[],"class_list":{"0":"post-20817","1":"product","2":"type-product","3":"status-publish","4":"has-post-thumbnail","6":"product_cat-uncategorized","7":"product_cat-home","8":"product_cat-sale","9":"product_cat-fun","11":"first","12":"instock","13":"sale","14":"taxable","15":"shipping-taxable","16":"purchasable","17":"product-type-simple"},"acf":[],"_links":{"self":[{"href":"https:\/\/scroll-zone.com\/pl\/wp-json\/wp\/v2\/product\/20817","targetHints":{"allow":["GET"]}}],"collection":[{"href":"https:\/\/scroll-zone.com\/pl\/wp-json\/wp\/v2\/product"}],"about":[{"href":"https:\/\/scroll-zone.com\/pl\/wp-json\/wp\/v2\/types\/product"}],"replies":[{"embeddable":true,"href":"https:\/\/scroll-zone.com\/pl\/wp-json\/wp\/v2\/comments?post=20817"}],"wp:featuredmedia":[{"embeddable":true,"href":"https:\/\/scroll-zone.com\/pl\/wp-json\/wp\/v2\/media\/20818"}],"wp:attachment":[{"href":"https:\/\/scroll-zone.com\/pl\/wp-json\/wp\/v2\/media?parent=20817"}],"wp:term":[{"taxonomy":"product_brand","embeddable":true,"href":"https:\/\/scroll-zone.com\/pl\/wp-json\/wp\/v2\/product_brand?post=20817"},{"taxonomy":"product_cat","embeddable":true,"href":"https:\/\/scroll-zone.com\/pl\/wp-json\/wp\/v2\/product_cat?post=20817"},{"taxonomy":"product_tag","embeddable":true,"href":"https:\/\/scroll-zone.com\/pl\/wp-json\/wp\/v2\/product_tag?post=20817"}],"curies":[{"name":"wp","href":"https:\/\/api.w.org\/{rel}","templated":true}]}}