{"id":20377,"date":"2026-02-06T12:40:21","date_gmt":"2026-02-06T11:40:21","guid":{"rendered":"https:\/\/scroll-zone.com\/pl\/produkt\/bound1-product\/"},"modified":"2026-04-29T10:29:31","modified_gmt":"2026-04-29T08:29:31","slug":"dyskretna-zestaw-do-mocowania-pod-materacem","status":"publish","type":"product","link":"https:\/\/scroll-zone.com\/pl\/produkt\/dyskretna-zestaw-do-mocowania-pod-materacem\/","title":{"rendered":"Dyskretna zestaw do mocowania pod materacem"},"content":{"rendered":"","protected":false},"excerpt":{"rendered":"<p>Dyskretna zestaw do mocowania pod materacem zosta\u0142 zaprojektowany do stabilnego, bezpiecznego i wygodnego pozycjonowania w prywatnym otoczeniu. Montuje si\u0119 go \u0142atwo, bez trwa\u0142ych zmian \u0142\u00f3\u017cka lub mebli, i dostosowuje si\u0119 do r\u00f3\u017cnych wymiar\u00f3w. Przeznaczony jest dla tych, kt\u00f3rzy chc\u0105 niezawodnego rozwi\u0105zania \u0142\u0105cz\u0105cego funkcjonalno\u015b\u0107, wygod\u0119 i dyskrecj\u0119.<\/p>\n","protected":false},"featured_media":20378,"comment_status":"closed","ping_status":"closed","template":"","meta":{"inline_featured_image":false},"product_brand":[],"product_cat":[15,27,24,35],"product_tag":[],"class_list":{"0":"post-20377","1":"product","2":"type-product","3":"status-publish","4":"has-post-thumbnail","6":"product_cat-uncategorized","7":"product_cat-home","8":"product_cat-sale","9":"product_cat-fun","11":"first","12":"instock","13":"sale","14":"taxable","15":"shipping-taxable","16":"purchasable","17":"product-type-simple"},"acf":[],"_links":{"self":[{"href":"https:\/\/scroll-zone.com\/pl\/wp-json\/wp\/v2\/product\/20377","targetHints":{"allow":["GET"]}}],"collection":[{"href":"https:\/\/scroll-zone.com\/pl\/wp-json\/wp\/v2\/product"}],"about":[{"href":"https:\/\/scroll-zone.com\/pl\/wp-json\/wp\/v2\/types\/product"}],"replies":[{"embeddable":true,"href":"https:\/\/scroll-zone.com\/pl\/wp-json\/wp\/v2\/comments?post=20377"}],"wp:featuredmedia":[{"embeddable":true,"href":"https:\/\/scroll-zone.com\/pl\/wp-json\/wp\/v2\/media\/20378"}],"wp:attachment":[{"href":"https:\/\/scroll-zone.com\/pl\/wp-json\/wp\/v2\/media?parent=20377"}],"wp:term":[{"taxonomy":"product_brand","embeddable":true,"href":"https:\/\/scroll-zone.com\/pl\/wp-json\/wp\/v2\/product_brand?post=20377"},{"taxonomy":"product_cat","embeddable":true,"href":"https:\/\/scroll-zone.com\/pl\/wp-json\/wp\/v2\/product_cat?post=20377"},{"taxonomy":"product_tag","embeddable":true,"href":"https:\/\/scroll-zone.com\/pl\/wp-json\/wp\/v2\/product_tag?post=20377"}],"curies":[{"name":"wp","href":"https:\/\/api.w.org\/{rel}","templated":true}]}}