{"id":19073,"date":"2025-12-10T07:50:16","date_gmt":"2025-12-10T06:50:16","guid":{"rendered":"https:\/\/scroll-zone.com\/pl\/produkt\/belt2-product\/"},"modified":"2025-12-11T14:24:45","modified_gmt":"2025-12-11T13:24:45","slug":"pas-do-prawidlowej-postawy","status":"publish","type":"product","link":"https:\/\/scroll-zone.com\/pl\/produkt\/pas-do-prawidlowej-postawy\/","title":{"rendered":"Pas do prawid\u0142owej postawy"},"content":{"rendered":"","protected":false},"excerpt":{"rendered":"<p>Wyprostuj swoj\u0105 postaw\u0119 i odci\u0105\u017c plecy dzi\u0119ki wygodzie lekkiego i przewiewnego pasa. Idealny do codziennego u\u017cytku, podczas pracy, jazdy lub ruchu. Dyskretny, praktyczny i dopasowuj\u0105cy si\u0119, zapewnia wsparcie bez ograniczania ruch\u00f3w.<\/p>\n","protected":false},"featured_media":19074,"comment_status":"closed","ping_status":"closed","template":"","meta":{"inline_featured_image":false},"product_brand":[],"product_cat":[15,27,26],"product_tag":[],"class_list":{"0":"post-19073","1":"product","2":"type-product","3":"status-publish","4":"has-post-thumbnail","6":"product_cat-uncategorized","7":"product_cat-home","8":"product_cat-health","10":"first","11":"instock","12":"sale","13":"taxable","14":"shipping-taxable","15":"purchasable","16":"product-type-simple"},"acf":[],"_links":{"self":[{"href":"https:\/\/scroll-zone.com\/pl\/wp-json\/wp\/v2\/product\/19073","targetHints":{"allow":["GET"]}}],"collection":[{"href":"https:\/\/scroll-zone.com\/pl\/wp-json\/wp\/v2\/product"}],"about":[{"href":"https:\/\/scroll-zone.com\/pl\/wp-json\/wp\/v2\/types\/product"}],"replies":[{"embeddable":true,"href":"https:\/\/scroll-zone.com\/pl\/wp-json\/wp\/v2\/comments?post=19073"}],"wp:featuredmedia":[{"embeddable":true,"href":"https:\/\/scroll-zone.com\/pl\/wp-json\/wp\/v2\/media\/19074"}],"wp:attachment":[{"href":"https:\/\/scroll-zone.com\/pl\/wp-json\/wp\/v2\/media?parent=19073"}],"wp:term":[{"taxonomy":"product_brand","embeddable":true,"href":"https:\/\/scroll-zone.com\/pl\/wp-json\/wp\/v2\/product_brand?post=19073"},{"taxonomy":"product_cat","embeddable":true,"href":"https:\/\/scroll-zone.com\/pl\/wp-json\/wp\/v2\/product_cat?post=19073"},{"taxonomy":"product_tag","embeddable":true,"href":"https:\/\/scroll-zone.com\/pl\/wp-json\/wp\/v2\/product_tag?post=19073"}],"curies":[{"name":"wp","href":"https:\/\/api.w.org\/{rel}","templated":true}]}}