{"id":18927,"date":"2025-12-02T14:19:09","date_gmt":"2025-12-02T13:19:09","guid":{"rendered":"https:\/\/scroll-zone.com\/pl\/produkt\/sewingbook-product\/"},"modified":"2026-03-10T18:42:37","modified_gmt":"2026-03-10T17:42:37","slug":"kreatywny-zestaw-do-szycia-i-haftowania","status":"publish","type":"product","link":"https:\/\/scroll-zone.com\/pl\/produkt\/kreatywny-zestaw-do-szycia-i-haftowania\/","title":{"rendered":"Kreatywny zestaw do szycia i haftowania"},"content":{"rendered":"","protected":false},"excerpt":{"rendered":"<p>Odkryj praktyczny i inspiruj\u0105cy zestaw, kt\u00f3ry \u0142\u0105czy szycie i haftowanie w jednym kompaktowym formacie.<br \/>\nIdealny dla pocz\u0105tkuj\u0105cych i mi\u0142o\u015bnik\u00f3w r\u0119kodzie\u0142a, kt\u00f3rzy chc\u0105 tworzy\u0107, gdziekolwiek si\u0119 znajduj\u0105.<br \/>\nDzia\u0142a naturalnie, efektywnie i podkre\u015bla warto\u015b\u0107 produktu, nie przyt\u0142aczaj\u0105c tekstu.<\/p>\n","protected":false},"featured_media":18928,"comment_status":"closed","ping_status":"closed","template":"","meta":{"inline_featured_image":false},"product_brand":[],"product_cat":[15,27,24,35],"product_tag":[],"class_list":{"0":"post-18927","1":"product","2":"type-product","3":"status-publish","4":"has-post-thumbnail","6":"product_cat-uncategorized","7":"product_cat-home","8":"product_cat-sale","9":"product_cat-fun","11":"first","12":"instock","13":"sale","14":"taxable","15":"shipping-taxable","16":"purchasable","17":"product-type-simple"},"acf":[],"_links":{"self":[{"href":"https:\/\/scroll-zone.com\/pl\/wp-json\/wp\/v2\/product\/18927","targetHints":{"allow":["GET"]}}],"collection":[{"href":"https:\/\/scroll-zone.com\/pl\/wp-json\/wp\/v2\/product"}],"about":[{"href":"https:\/\/scroll-zone.com\/pl\/wp-json\/wp\/v2\/types\/product"}],"replies":[{"embeddable":true,"href":"https:\/\/scroll-zone.com\/pl\/wp-json\/wp\/v2\/comments?post=18927"}],"wp:featuredmedia":[{"embeddable":true,"href":"https:\/\/scroll-zone.com\/pl\/wp-json\/wp\/v2\/media\/18928"}],"wp:attachment":[{"href":"https:\/\/scroll-zone.com\/pl\/wp-json\/wp\/v2\/media?parent=18927"}],"wp:term":[{"taxonomy":"product_brand","embeddable":true,"href":"https:\/\/scroll-zone.com\/pl\/wp-json\/wp\/v2\/product_brand?post=18927"},{"taxonomy":"product_cat","embeddable":true,"href":"https:\/\/scroll-zone.com\/pl\/wp-json\/wp\/v2\/product_cat?post=18927"},{"taxonomy":"product_tag","embeddable":true,"href":"https:\/\/scroll-zone.com\/pl\/wp-json\/wp\/v2\/product_tag?post=18927"}],"curies":[{"name":"wp","href":"https:\/\/api.w.org\/{rel}","templated":true}]}}