{"id":18712,"date":"2025-11-17T22:56:14","date_gmt":"2025-11-17T21:56:14","guid":{"rendered":"https:\/\/scroll-zone.com\/pl\/produkt\/dino-product\/"},"modified":"2026-03-10T18:43:24","modified_gmt":"2026-03-10T17:43:24","slug":"nadmuchiwany-dinozaur-dla-dzieci","status":"publish","type":"product","link":"https:\/\/scroll-zone.com\/pl\/produkt\/nadmuchiwany-dinozaur-dla-dzieci\/","title":{"rendered":"Nadmuchiwany dinozaur dla dzieci"},"content":{"rendered":"","protected":false},"excerpt":{"rendered":"<p>Zamie\u0144 zabaw\u0119 w prawdziw\u0105 jurajsk\u0105 przygod\u0119.<br \/>\nRealistyczny design dinozaura z czerwono-czarnymi detalami.<br \/>\nOczy LED daj\u0105 spektakularny efekt w nocy.<\/p>\n","protected":false},"featured_media":18713,"comment_status":"closed","ping_status":"closed","template":"","meta":{"inline_featured_image":false},"product_brand":[],"product_cat":[15,27,24,35],"product_tag":[],"class_list":{"0":"post-18712","1":"product","2":"type-product","3":"status-publish","4":"has-post-thumbnail","6":"product_cat-uncategorized","7":"product_cat-home","8":"product_cat-sale","9":"product_cat-fun","11":"first","12":"instock","13":"sale","14":"taxable","15":"shipping-taxable","16":"purchasable","17":"product-type-simple"},"acf":[],"_links":{"self":[{"href":"https:\/\/scroll-zone.com\/pl\/wp-json\/wp\/v2\/product\/18712","targetHints":{"allow":["GET"]}}],"collection":[{"href":"https:\/\/scroll-zone.com\/pl\/wp-json\/wp\/v2\/product"}],"about":[{"href":"https:\/\/scroll-zone.com\/pl\/wp-json\/wp\/v2\/types\/product"}],"replies":[{"embeddable":true,"href":"https:\/\/scroll-zone.com\/pl\/wp-json\/wp\/v2\/comments?post=18712"}],"wp:featuredmedia":[{"embeddable":true,"href":"https:\/\/scroll-zone.com\/pl\/wp-json\/wp\/v2\/media\/18713"}],"wp:attachment":[{"href":"https:\/\/scroll-zone.com\/pl\/wp-json\/wp\/v2\/media?parent=18712"}],"wp:term":[{"taxonomy":"product_brand","embeddable":true,"href":"https:\/\/scroll-zone.com\/pl\/wp-json\/wp\/v2\/product_brand?post=18712"},{"taxonomy":"product_cat","embeddable":true,"href":"https:\/\/scroll-zone.com\/pl\/wp-json\/wp\/v2\/product_cat?post=18712"},{"taxonomy":"product_tag","embeddable":true,"href":"https:\/\/scroll-zone.com\/pl\/wp-json\/wp\/v2\/product_tag?post=18712"}],"curies":[{"name":"wp","href":"https:\/\/api.w.org\/{rel}","templated":true}]}}