{"id":18577,"date":"2025-10-11T04:08:52","date_gmt":"2025-10-11T02:08:52","guid":{"rendered":"https:\/\/scroll-zone.com\/pl\/produkt\/ulrepvo-product\/"},"modified":"2026-03-10T18:43:49","modified_gmt":"2026-03-10T17:43:49","slug":"ultradzwiekowa-ochrona-przed-gryzoniami","status":"publish","type":"product","link":"https:\/\/scroll-zone.com\/pl\/produkt\/ultradzwiekowa-ochrona-przed-gryzoniami\/","title":{"rendered":"Ultrad\u017awi\u0119kowa ochrona przed gryzoniami"},"content":{"rendered":"","protected":false},"excerpt":{"rendered":"<p>Elektroniczne urz\u0105dzenie, kt\u00f3re odstrasza myszy i inne gryzonie za pomoc\u0105 wysokocz\u0119stotliwo\u015bciowych fal d\u017awi\u0119kowych.<br \/>\nNiewidoczny dla ludzkiego ucha, wywo\u0142uje dyskomfort i odraz\u0119 u gryzoni.<br \/>\n\u0141atwy w u\u017cyciu i bezpieczny dla ludzi oraz zwierz\u0105t domowych.<\/p>\n","protected":false},"featured_media":18595,"comment_status":"closed","ping_status":"closed","template":"","meta":{"inline_featured_image":false},"product_brand":[],"product_cat":[15,27,24,26],"product_tag":[],"class_list":{"0":"post-18577","1":"product","2":"type-product","3":"status-publish","4":"has-post-thumbnail","6":"product_cat-uncategorized","7":"product_cat-home","8":"product_cat-sale","9":"product_cat-health","11":"first","12":"instock","13":"sale","14":"taxable","15":"shipping-taxable","16":"purchasable","17":"product-type-simple"},"acf":[],"_links":{"self":[{"href":"https:\/\/scroll-zone.com\/pl\/wp-json\/wp\/v2\/product\/18577","targetHints":{"allow":["GET"]}}],"collection":[{"href":"https:\/\/scroll-zone.com\/pl\/wp-json\/wp\/v2\/product"}],"about":[{"href":"https:\/\/scroll-zone.com\/pl\/wp-json\/wp\/v2\/types\/product"}],"replies":[{"embeddable":true,"href":"https:\/\/scroll-zone.com\/pl\/wp-json\/wp\/v2\/comments?post=18577"}],"wp:featuredmedia":[{"embeddable":true,"href":"https:\/\/scroll-zone.com\/pl\/wp-json\/wp\/v2\/media\/18595"}],"wp:attachment":[{"href":"https:\/\/scroll-zone.com\/pl\/wp-json\/wp\/v2\/media?parent=18577"}],"wp:term":[{"taxonomy":"product_brand","embeddable":true,"href":"https:\/\/scroll-zone.com\/pl\/wp-json\/wp\/v2\/product_brand?post=18577"},{"taxonomy":"product_cat","embeddable":true,"href":"https:\/\/scroll-zone.com\/pl\/wp-json\/wp\/v2\/product_cat?post=18577"},{"taxonomy":"product_tag","embeddable":true,"href":"https:\/\/scroll-zone.com\/pl\/wp-json\/wp\/v2\/product_tag?post=18577"}],"curies":[{"name":"wp","href":"https:\/\/api.w.org\/{rel}","templated":true}]}}