{"id":18565,"date":"2025-10-08T10:40:44","date_gmt":"2025-10-08T08:40:44","guid":{"rendered":"https:\/\/scroll-zone.com\/pl\/produkt\/vltgrdtest-product\/"},"modified":"2026-03-10T18:43:56","modified_gmt":"2026-03-10T17:43:56","slug":"takticka-lampa-z-paralizatorem-x95","status":"publish","type":"product","link":"https:\/\/scroll-zone.com\/pl\/produkt\/takticka-lampa-z-paralizatorem-x95\/","title":{"rendered":"Takti\u010dka lampa z paralizatorem X95"},"content":{"rendered":"","protected":false},"excerpt":{"rendered":"<p>Kompaktna latarka taktyczna, kt\u00f3ra \u0142\u0105czy mocne \u015bwiat\u0142o LED i si\u0142\u0119 og\u0142uszania.<br \/>\nIdealna do ochrony osobistej w ciemnych i niebezpiecznych sytuacjach.<br \/>\n\u0141atwa do noszenia, zapewnia bezpiecze\u0144stwo i pewno\u015b\u0107 siebie, gdziekolwiek jeste\u015b.<\/p>\n","protected":false},"featured_media":18541,"comment_status":"closed","ping_status":"closed","template":"","meta":{"inline_featured_image":false},"product_brand":[],"product_cat":[15],"product_tag":[],"class_list":{"0":"post-18565","1":"product","2":"type-product","3":"status-publish","4":"has-post-thumbnail","6":"product_cat-uncategorized","8":"first","9":"instock","10":"sale","11":"taxable","12":"shipping-taxable","13":"purchasable","14":"product-type-simple"},"acf":[],"_links":{"self":[{"href":"https:\/\/scroll-zone.com\/pl\/wp-json\/wp\/v2\/product\/18565","targetHints":{"allow":["GET"]}}],"collection":[{"href":"https:\/\/scroll-zone.com\/pl\/wp-json\/wp\/v2\/product"}],"about":[{"href":"https:\/\/scroll-zone.com\/pl\/wp-json\/wp\/v2\/types\/product"}],"replies":[{"embeddable":true,"href":"https:\/\/scroll-zone.com\/pl\/wp-json\/wp\/v2\/comments?post=18565"}],"wp:featuredmedia":[{"embeddable":true,"href":"https:\/\/scroll-zone.com\/pl\/wp-json\/wp\/v2\/media\/18541"}],"wp:attachment":[{"href":"https:\/\/scroll-zone.com\/pl\/wp-json\/wp\/v2\/media?parent=18565"}],"wp:term":[{"taxonomy":"product_brand","embeddable":true,"href":"https:\/\/scroll-zone.com\/pl\/wp-json\/wp\/v2\/product_brand?post=18565"},{"taxonomy":"product_cat","embeddable":true,"href":"https:\/\/scroll-zone.com\/pl\/wp-json\/wp\/v2\/product_cat?post=18565"},{"taxonomy":"product_tag","embeddable":true,"href":"https:\/\/scroll-zone.com\/pl\/wp-json\/wp\/v2\/product_tag?post=18565"}],"curies":[{"name":"wp","href":"https:\/\/api.w.org\/{rel}","templated":true}]}}