{"id":18388,"date":"2025-09-12T08:38:08","date_gmt":"2025-09-12T06:38:08","guid":{"rendered":"https:\/\/scroll-zone.com\/pl\/?post_type=product&#038;p=18388"},"modified":"2026-03-10T18:44:14","modified_gmt":"2026-03-10T17:44:14","slug":"buty-antyposlizgowe-dla-niemowlat-i-dzieci","status":"publish","type":"product","link":"https:\/\/scroll-zone.com\/pl\/produkt\/buty-antyposlizgowe-dla-niemowlat-i-dzieci\/","title":{"rendered":"Buty antypo\u015blizgowe dla niemowl\u0105t i dzieci"},"content":{"rendered":"","protected":false},"excerpt":{"rendered":"<div class=\"woocommerce-product-details__short-description\">\n<div class=\"woocommerce-product-details__short-description\">\n<div class=\"woocommerce-product-details__short-description\">\n<div class=\"woocommerce-product-details__short-description\">\n<p data-start=\"120\" data-end=\"438\">Pierwsze kroki Twojego malucha zas\u0142uguj\u0105 na bezpiecze\u0144stwo, wygod\u0119 i zdrowy rozw\u00f3j st\u00f3p. Nasze siateczkowe buty antypo\u015blizgowe wykonane s\u0105 z wysokiej jako\u015bci materia\u0142\u00f3w, kt\u00f3re zapewniaj\u0105 maksymaln\u0105 swobod\u0119 ruchu i ochron\u0119. Eleganckie i praktyczne, idealne na co dzie\u0144, a uniwersalny rozmiar pasuje dzieciom do 3 lat.<\/p>\n<p data-start=\"440\" data-end=\"451\">\n<\/div>\n<\/div>\n<\/div>\n<\/div>\n","protected":false},"featured_media":18389,"comment_status":"closed","ping_status":"closed","template":"","meta":{"inline_featured_image":false},"product_brand":[],"product_cat":[15,28,26],"product_tag":[],"class_list":{"0":"post-18388","1":"product","2":"type-product","3":"status-publish","4":"has-post-thumbnail","6":"product_cat-uncategorized","7":"product_cat-beauty","8":"product_cat-health","10":"first","11":"instock","12":"sale","13":"taxable","14":"shipping-taxable","15":"purchasable","16":"product-type-simple"},"acf":[],"_links":{"self":[{"href":"https:\/\/scroll-zone.com\/pl\/wp-json\/wp\/v2\/product\/18388","targetHints":{"allow":["GET"]}}],"collection":[{"href":"https:\/\/scroll-zone.com\/pl\/wp-json\/wp\/v2\/product"}],"about":[{"href":"https:\/\/scroll-zone.com\/pl\/wp-json\/wp\/v2\/types\/product"}],"replies":[{"embeddable":true,"href":"https:\/\/scroll-zone.com\/pl\/wp-json\/wp\/v2\/comments?post=18388"}],"wp:featuredmedia":[{"embeddable":true,"href":"https:\/\/scroll-zone.com\/pl\/wp-json\/wp\/v2\/media\/18389"}],"wp:attachment":[{"href":"https:\/\/scroll-zone.com\/pl\/wp-json\/wp\/v2\/media?parent=18388"}],"wp:term":[{"taxonomy":"product_brand","embeddable":true,"href":"https:\/\/scroll-zone.com\/pl\/wp-json\/wp\/v2\/product_brand?post=18388"},{"taxonomy":"product_cat","embeddable":true,"href":"https:\/\/scroll-zone.com\/pl\/wp-json\/wp\/v2\/product_cat?post=18388"},{"taxonomy":"product_tag","embeddable":true,"href":"https:\/\/scroll-zone.com\/pl\/wp-json\/wp\/v2\/product_tag?post=18388"}],"curies":[{"name":"wp","href":"https:\/\/api.w.org\/{rel}","templated":true}]}}