{"id":18339,"date":"2025-09-05T09:59:43","date_gmt":"2025-09-05T07:59:43","guid":{"rendered":"https:\/\/scroll-zone.com\/pl\/?post_type=product&#038;p=18339"},"modified":"2026-03-10T18:44:39","modified_gmt":"2026-03-10T17:44:39","slug":"emocjonalna-pluszowa-zabawka-kuschelkoala","status":"publish","type":"product","link":"https:\/\/scroll-zone.com\/pl\/produkt\/emocjonalna-pluszowa-zabawka-kuschelkoala\/","title":{"rendered":"Emocjonalna pluszowa zabawka &#8211; KuschelKoala"},"content":{"rendered":"","protected":false},"excerpt":{"rendered":"<p data-start=\"150\" data-end=\"536\">KuschelKoala to co\u015b wi\u0119cej ni\u017c zwyk\u0142a pluszowa zabawka \u2013 to ma\u0142y emocjonalny towarzysz. Jej mi\u0119kka i przyjemna w dotyku faktura daje poczucie bezpiecze\u0144stwa, \u0142agodzi stres i samotno\u015b\u0107, oraz wspomaga uwalnianie hormonu szcz\u0119\u015bcia \u2013 oksytocyny. Idealna dla dzieci i doros\u0142ych, w domu, w podr\u00f3\u017cy lub jako sta\u0142e \u017ar\u00f3d\u0142o pocieszenia.<\/p>\n<p data-start=\"538\" data-end=\"741\">\n","protected":false},"featured_media":18344,"comment_status":"closed","ping_status":"closed","template":"","meta":{"inline_featured_image":false},"product_brand":[],"product_cat":[15,25,27,35],"product_tag":[],"class_list":{"0":"post-18339","1":"product","2":"type-product","3":"status-publish","4":"has-post-thumbnail","6":"product_cat-uncategorized","7":"product_cat-car","8":"product_cat-home","9":"product_cat-fun","11":"first","12":"instock","13":"sale","14":"taxable","15":"shipping-taxable","16":"purchasable","17":"product-type-simple"},"acf":[],"_links":{"self":[{"href":"https:\/\/scroll-zone.com\/pl\/wp-json\/wp\/v2\/product\/18339","targetHints":{"allow":["GET"]}}],"collection":[{"href":"https:\/\/scroll-zone.com\/pl\/wp-json\/wp\/v2\/product"}],"about":[{"href":"https:\/\/scroll-zone.com\/pl\/wp-json\/wp\/v2\/types\/product"}],"replies":[{"embeddable":true,"href":"https:\/\/scroll-zone.com\/pl\/wp-json\/wp\/v2\/comments?post=18339"}],"wp:featuredmedia":[{"embeddable":true,"href":"https:\/\/scroll-zone.com\/pl\/wp-json\/wp\/v2\/media\/18344"}],"wp:attachment":[{"href":"https:\/\/scroll-zone.com\/pl\/wp-json\/wp\/v2\/media?parent=18339"}],"wp:term":[{"taxonomy":"product_brand","embeddable":true,"href":"https:\/\/scroll-zone.com\/pl\/wp-json\/wp\/v2\/product_brand?post=18339"},{"taxonomy":"product_cat","embeddable":true,"href":"https:\/\/scroll-zone.com\/pl\/wp-json\/wp\/v2\/product_cat?post=18339"},{"taxonomy":"product_tag","embeddable":true,"href":"https:\/\/scroll-zone.com\/pl\/wp-json\/wp\/v2\/product_tag?post=18339"}],"curies":[{"name":"wp","href":"https:\/\/api.w.org\/{rel}","templated":true}]}}