{"id":18323,"date":"2025-09-04T16:27:23","date_gmt":"2025-09-04T14:27:23","guid":{"rendered":"https:\/\/scroll-zone.com\/pl\/?post_type=product&#038;p=18323"},"modified":"2026-03-10T18:44:58","modified_gmt":"2026-03-10T17:44:58","slug":"tasma-do-podciagania-fitband-pro","status":"publish","type":"product","link":"https:\/\/scroll-zone.com\/pl\/produkt\/tasma-do-podciagania-fitband-pro\/","title":{"rendered":"Ta\u015bma do podci\u0105gania \u2013 FitBand Pro"},"content":{"rendered":"","protected":false},"excerpt":{"rendered":"<p>Ulepsz sw\u00f3j trening w domu dzi\u0119ki ta\u015bmie do podci\u0105gania, kt\u00f3ra zapewnia stabilno\u015b\u0107, bezpiecze\u0144stwo i skuteczno\u015b\u0107 przy ka\u017cdym ruchu. Bez asekuracji partnera i bez zb\u0119dnego obci\u0105\u017cenia \u2013 tylko Ty, Twoja si\u0142a i inteligentne narz\u0119dzie do \u0107wicze\u0144. Idealna zar\u00f3wno dla pocz\u0105tkuj\u0105cych, jak i dla zaawansowanych sportowc\u00f3w, kt\u00f3rzy chc\u0105 wzmocni\u0107 g\u00f3rne partie cia\u0142a i udoskonali\u0107 technik\u0119 podci\u0105gania.<\/p>\n","protected":false},"featured_media":18327,"comment_status":"closed","ping_status":"closed","template":"","meta":{"inline_featured_image":false},"product_brand":[],"product_cat":[15,25,27,35],"product_tag":[],"class_list":{"0":"post-18323","1":"product","2":"type-product","3":"status-publish","4":"has-post-thumbnail","6":"product_cat-uncategorized","7":"product_cat-car","8":"product_cat-home","9":"product_cat-fun","11":"first","12":"instock","13":"sale","14":"taxable","15":"shipping-taxable","16":"purchasable","17":"product-type-simple"},"acf":[],"_links":{"self":[{"href":"https:\/\/scroll-zone.com\/pl\/wp-json\/wp\/v2\/product\/18323","targetHints":{"allow":["GET"]}}],"collection":[{"href":"https:\/\/scroll-zone.com\/pl\/wp-json\/wp\/v2\/product"}],"about":[{"href":"https:\/\/scroll-zone.com\/pl\/wp-json\/wp\/v2\/types\/product"}],"replies":[{"embeddable":true,"href":"https:\/\/scroll-zone.com\/pl\/wp-json\/wp\/v2\/comments?post=18323"}],"wp:featuredmedia":[{"embeddable":true,"href":"https:\/\/scroll-zone.com\/pl\/wp-json\/wp\/v2\/media\/18327"}],"wp:attachment":[{"href":"https:\/\/scroll-zone.com\/pl\/wp-json\/wp\/v2\/media?parent=18323"}],"wp:term":[{"taxonomy":"product_brand","embeddable":true,"href":"https:\/\/scroll-zone.com\/pl\/wp-json\/wp\/v2\/product_brand?post=18323"},{"taxonomy":"product_cat","embeddable":true,"href":"https:\/\/scroll-zone.com\/pl\/wp-json\/wp\/v2\/product_cat?post=18323"},{"taxonomy":"product_tag","embeddable":true,"href":"https:\/\/scroll-zone.com\/pl\/wp-json\/wp\/v2\/product_tag?post=18323"}],"curies":[{"name":"wp","href":"https:\/\/api.w.org\/{rel}","templated":true}]}}