{"id":17349,"date":"2025-06-02T15:37:59","date_gmt":"2025-06-02T13:37:59","guid":{"rendered":"https:\/\/scroll-zone.com\/pl\/produkt\/invisispray-product\/"},"modified":"2026-03-10T19:01:36","modified_gmt":"2026-03-10T18:01:36","slug":"niewidoczny-spray-do-tablic-rejestracyjnych","status":"publish","type":"product","link":"https:\/\/scroll-zone.com\/pl\/produkt\/niewidoczny-spray-do-tablic-rejestracyjnych\/","title":{"rendered":"Niewidoczny spray do tablic rejestracyjnych"},"content":{"rendered":"","protected":false},"excerpt":{"rendered":"<p>Ten japo\u0144ski niewidzialny spray zapewnia natychmiastowe rezultaty, gwarantuj\u0105c pe\u0142n\u0105 prywatno\u015b\u0107 podczas jazdy. Wystarczy spryska\u0107 tablic\u0119 rejestracyjn\u0105, aby zapewni\u0107 sobie maksymaln\u0105 ochron\u0119 przed systemami \u015bledzenia. Dzi\u0119ki tej innowacyjnej technologii blokowania zdj\u0119\u0107, Twoja anonimowo\u015b\u0107 jest na pierwszym miejscu.<\/p>\n","protected":false},"featured_media":17351,"comment_status":"closed","ping_status":"closed","template":"","meta":{"inline_featured_image":false},"product_brand":[],"product_cat":[15,27,35],"product_tag":[],"class_list":{"0":"post-17349","1":"product","2":"type-product","3":"status-publish","4":"has-post-thumbnail","6":"product_cat-uncategorized","7":"product_cat-home","8":"product_cat-fun","10":"first","11":"instock","12":"sale","13":"taxable","14":"shipping-taxable","15":"purchasable","16":"product-type-simple"},"acf":[],"_links":{"self":[{"href":"https:\/\/scroll-zone.com\/pl\/wp-json\/wp\/v2\/product\/17349","targetHints":{"allow":["GET"]}}],"collection":[{"href":"https:\/\/scroll-zone.com\/pl\/wp-json\/wp\/v2\/product"}],"about":[{"href":"https:\/\/scroll-zone.com\/pl\/wp-json\/wp\/v2\/types\/product"}],"replies":[{"embeddable":true,"href":"https:\/\/scroll-zone.com\/pl\/wp-json\/wp\/v2\/comments?post=17349"}],"wp:featuredmedia":[{"embeddable":true,"href":"https:\/\/scroll-zone.com\/pl\/wp-json\/wp\/v2\/media\/17351"}],"wp:attachment":[{"href":"https:\/\/scroll-zone.com\/pl\/wp-json\/wp\/v2\/media?parent=17349"}],"wp:term":[{"taxonomy":"product_brand","embeddable":true,"href":"https:\/\/scroll-zone.com\/pl\/wp-json\/wp\/v2\/product_brand?post=17349"},{"taxonomy":"product_cat","embeddable":true,"href":"https:\/\/scroll-zone.com\/pl\/wp-json\/wp\/v2\/product_cat?post=17349"},{"taxonomy":"product_tag","embeddable":true,"href":"https:\/\/scroll-zone.com\/pl\/wp-json\/wp\/v2\/product_tag?post=17349"}],"curies":[{"name":"wp","href":"https:\/\/api.w.org\/{rel}","templated":true}]}}