{"id":17248,"date":"2025-05-30T18:20:00","date_gmt":"2025-05-30T16:20:00","guid":{"rendered":"https:\/\/scroll-zone.com\/pl\/produkt\/grillnet-product\/"},"modified":"2026-03-10T19:05:39","modified_gmt":"2026-03-10T18:05:39","slug":"obrotowy-kosz-do-grilla","status":"publish","type":"product","link":"https:\/\/scroll-zone.com\/pl\/produkt\/obrotowy-kosz-do-grilla\/","title":{"rendered":"Obrotowy kosz do grilla"},"content":{"rendered":"","protected":false},"excerpt":{"rendered":"<p>Praktyczny i innowacyjny kosz do pieczenia, kt\u00f3ry r\u00f3wnomiernie obraca jedzenie dla doskona\u0142ego smaku. Idealny do warzyw, mi\u0119sa i orzech\u00f3w. Oszcz\u0119dza czas, miejsce i umo\u017cliwia pe\u0142ne cieszenie si\u0119 grillowaniem.<\/p>\n","protected":false},"featured_media":17266,"comment_status":"closed","ping_status":"closed","template":"","meta":{"inline_featured_image":false},"product_brand":[],"product_cat":[15,27,35],"product_tag":[],"class_list":{"0":"post-17248","1":"product","2":"type-product","3":"status-publish","4":"has-post-thumbnail","6":"product_cat-uncategorized","7":"product_cat-home","8":"product_cat-fun","10":"first","11":"instock","12":"sale","13":"taxable","14":"shipping-taxable","15":"purchasable","16":"product-type-simple"},"acf":[],"_links":{"self":[{"href":"https:\/\/scroll-zone.com\/pl\/wp-json\/wp\/v2\/product\/17248","targetHints":{"allow":["GET"]}}],"collection":[{"href":"https:\/\/scroll-zone.com\/pl\/wp-json\/wp\/v2\/product"}],"about":[{"href":"https:\/\/scroll-zone.com\/pl\/wp-json\/wp\/v2\/types\/product"}],"replies":[{"embeddable":true,"href":"https:\/\/scroll-zone.com\/pl\/wp-json\/wp\/v2\/comments?post=17248"}],"wp:featuredmedia":[{"embeddable":true,"href":"https:\/\/scroll-zone.com\/pl\/wp-json\/wp\/v2\/media\/17266"}],"wp:attachment":[{"href":"https:\/\/scroll-zone.com\/pl\/wp-json\/wp\/v2\/media?parent=17248"}],"wp:term":[{"taxonomy":"product_brand","embeddable":true,"href":"https:\/\/scroll-zone.com\/pl\/wp-json\/wp\/v2\/product_brand?post=17248"},{"taxonomy":"product_cat","embeddable":true,"href":"https:\/\/scroll-zone.com\/pl\/wp-json\/wp\/v2\/product_cat?post=17248"},{"taxonomy":"product_tag","embeddable":true,"href":"https:\/\/scroll-zone.com\/pl\/wp-json\/wp\/v2\/product_tag?post=17248"}],"curies":[{"name":"wp","href":"https:\/\/api.w.org\/{rel}","templated":true}]}}