{"id":17178,"date":"2025-05-28T20:14:51","date_gmt":"2025-05-28T18:14:51","guid":{"rendered":"https:\/\/scroll-zone.com\/pl\/produkt\/magicshelfvo-product\/"},"modified":"2026-04-08T12:23:30","modified_gmt":"2026-04-08T10:23:30","slug":"magiczna-polka-sejf","status":"publish","type":"product","link":"https:\/\/scroll-zone.com\/pl\/produkt\/magiczna-polka-sejf\/","title":{"rendered":"Magiczna p\u00f3\u0142ka sejf"},"content":{"rendered":"","protected":false},"excerpt":{"rendered":"<p>Magiczna p\u00f3\u0142ka sejf to idealne rozwi\u0105zanie dla tych, kt\u00f3rzy chc\u0105 po\u0142\u0105czy\u0107 elegancj\u0119 z bezpiecze\u0144stwem. Na pierwszy rzut oka wygl\u0105da jak zwyk\u0142a dekoracyjna p\u00f3\u0142ka, ale w sobie kryje sprytnie zaprojektowany tajny sejf. Doskona\u0142y element wyposa\u017cenia nowoczesnego domu, kt\u00f3ry chroni Twoje cenne przedmioty.<\/p>\n","protected":false},"featured_media":17187,"comment_status":"closed","ping_status":"closed","template":"","meta":{"inline_featured_image":false},"product_brand":[],"product_cat":[15,27,35],"product_tag":[],"class_list":{"0":"post-17178","1":"product","2":"type-product","3":"status-publish","4":"has-post-thumbnail","6":"product_cat-uncategorized","7":"product_cat-home","8":"product_cat-fun","10":"first","11":"instock","12":"sale","13":"taxable","14":"shipping-taxable","15":"purchasable","16":"product-type-simple"},"acf":[],"_links":{"self":[{"href":"https:\/\/scroll-zone.com\/pl\/wp-json\/wp\/v2\/product\/17178","targetHints":{"allow":["GET"]}}],"collection":[{"href":"https:\/\/scroll-zone.com\/pl\/wp-json\/wp\/v2\/product"}],"about":[{"href":"https:\/\/scroll-zone.com\/pl\/wp-json\/wp\/v2\/types\/product"}],"replies":[{"embeddable":true,"href":"https:\/\/scroll-zone.com\/pl\/wp-json\/wp\/v2\/comments?post=17178"}],"wp:featuredmedia":[{"embeddable":true,"href":"https:\/\/scroll-zone.com\/pl\/wp-json\/wp\/v2\/media\/17187"}],"wp:attachment":[{"href":"https:\/\/scroll-zone.com\/pl\/wp-json\/wp\/v2\/media?parent=17178"}],"wp:term":[{"taxonomy":"product_brand","embeddable":true,"href":"https:\/\/scroll-zone.com\/pl\/wp-json\/wp\/v2\/product_brand?post=17178"},{"taxonomy":"product_cat","embeddable":true,"href":"https:\/\/scroll-zone.com\/pl\/wp-json\/wp\/v2\/product_cat?post=17178"},{"taxonomy":"product_tag","embeddable":true,"href":"https:\/\/scroll-zone.com\/pl\/wp-json\/wp\/v2\/product_tag?post=17178"}],"curies":[{"name":"wp","href":"https:\/\/api.w.org\/{rel}","templated":true}]}}