{"id":17097,"date":"2025-05-21T15:19:17","date_gmt":"2025-05-21T13:19:17","guid":{"rendered":"https:\/\/scroll-zone.com\/pl\/produkt\/camnova-product\/"},"modified":"2026-03-10T19:06:31","modified_gmt":"2026-03-10T18:06:31","slug":"wszechstronny-rejestrator-full-hd","status":"publish","type":"product","link":"https:\/\/scroll-zone.com\/pl\/produkt\/wszechstronny-rejestrator-full-hd\/","title":{"rendered":"Wszechstronny rejestrator Full HD"},"content":{"rendered":"","protected":false},"excerpt":{"rendered":"<p>Kamera i dyktafon w jednym \u2013 nagrywaj w ruchu, w domu lub w pracy. Rozdzielczo\u015b\u0107 Full HD i stabilny obraz z redukcj\u0105 szum\u00f3w. Idealny towarzysz na ka\u017cdy dzie\u0144, podr\u00f3\u017ce i nagrywanie tre\u015bci.<\/p>\n","protected":false},"featured_media":17101,"comment_status":"closed","ping_status":"closed","template":"","meta":{"inline_featured_image":false},"product_brand":[],"product_cat":[15,25,27,24,35],"product_tag":[],"class_list":{"0":"post-17097","1":"product","2":"type-product","3":"status-publish","4":"has-post-thumbnail","6":"product_cat-uncategorized","7":"product_cat-car","8":"product_cat-home","9":"product_cat-sale","10":"product_cat-fun","12":"first","13":"instock","14":"sale","15":"taxable","16":"shipping-taxable","17":"purchasable","18":"product-type-simple"},"acf":[],"_links":{"self":[{"href":"https:\/\/scroll-zone.com\/pl\/wp-json\/wp\/v2\/product\/17097","targetHints":{"allow":["GET"]}}],"collection":[{"href":"https:\/\/scroll-zone.com\/pl\/wp-json\/wp\/v2\/product"}],"about":[{"href":"https:\/\/scroll-zone.com\/pl\/wp-json\/wp\/v2\/types\/product"}],"replies":[{"embeddable":true,"href":"https:\/\/scroll-zone.com\/pl\/wp-json\/wp\/v2\/comments?post=17097"}],"wp:featuredmedia":[{"embeddable":true,"href":"https:\/\/scroll-zone.com\/pl\/wp-json\/wp\/v2\/media\/17101"}],"wp:attachment":[{"href":"https:\/\/scroll-zone.com\/pl\/wp-json\/wp\/v2\/media?parent=17097"}],"wp:term":[{"taxonomy":"product_brand","embeddable":true,"href":"https:\/\/scroll-zone.com\/pl\/wp-json\/wp\/v2\/product_brand?post=17097"},{"taxonomy":"product_cat","embeddable":true,"href":"https:\/\/scroll-zone.com\/pl\/wp-json\/wp\/v2\/product_cat?post=17097"},{"taxonomy":"product_tag","embeddable":true,"href":"https:\/\/scroll-zone.com\/pl\/wp-json\/wp\/v2\/product_tag?post=17097"}],"curies":[{"name":"wp","href":"https:\/\/api.w.org\/{rel}","templated":true}]}}