{"id":16994,"date":"2025-05-15T02:56:31","date_gmt":"2025-05-15T00:56:31","guid":{"rendered":"https:\/\/scroll-zone.com\/pl\/produkt\/boxkids-product\/"},"modified":"2026-03-10T19:06:45","modified_gmt":"2026-03-10T18:06:45","slug":"zestaw-bokserski-dla-dzieci","status":"publish","type":"product","link":"https:\/\/scroll-zone.com\/pl\/produkt\/zestaw-bokserski-dla-dzieci\/","title":{"rendered":"Zestaw bokserski dla dzieci"},"content":{"rendered":"","protected":false},"excerpt":{"rendered":"<p>Zabawny i bezpieczny spos\u00f3b, aby dzieci mog\u0142y spali\u0107 nadmiar energii, rozwija\u0107 kondycj\u0119 i koordynacj\u0119! Ten zestaw zach\u0119ca do mi\u0142o\u015bci do sportu, pomaga w budowaniu zdrowych nawyk\u00f3w i redukcji stresu u maluch\u00f3w. Wysoka jako\u015b\u0107 i bezpieczne wykonanie gwarantuj\u0105 d\u0142ugotrwa\u0142e i bezpieczne u\u017cytkowanie.<\/p>\n","protected":false},"featured_media":17028,"comment_status":"closed","ping_status":"closed","template":"","meta":{"inline_featured_image":false},"product_brand":[],"product_cat":[15,27,35],"product_tag":[],"class_list":{"0":"post-16994","1":"product","2":"type-product","3":"status-publish","4":"has-post-thumbnail","6":"product_cat-uncategorized","7":"product_cat-home","8":"product_cat-fun","10":"first","11":"instock","12":"sale","13":"taxable","14":"shipping-taxable","15":"purchasable","16":"product-type-simple"},"acf":[],"_links":{"self":[{"href":"https:\/\/scroll-zone.com\/pl\/wp-json\/wp\/v2\/product\/16994","targetHints":{"allow":["GET"]}}],"collection":[{"href":"https:\/\/scroll-zone.com\/pl\/wp-json\/wp\/v2\/product"}],"about":[{"href":"https:\/\/scroll-zone.com\/pl\/wp-json\/wp\/v2\/types\/product"}],"replies":[{"embeddable":true,"href":"https:\/\/scroll-zone.com\/pl\/wp-json\/wp\/v2\/comments?post=16994"}],"wp:featuredmedia":[{"embeddable":true,"href":"https:\/\/scroll-zone.com\/pl\/wp-json\/wp\/v2\/media\/17028"}],"wp:attachment":[{"href":"https:\/\/scroll-zone.com\/pl\/wp-json\/wp\/v2\/media?parent=16994"}],"wp:term":[{"taxonomy":"product_brand","embeddable":true,"href":"https:\/\/scroll-zone.com\/pl\/wp-json\/wp\/v2\/product_brand?post=16994"},{"taxonomy":"product_cat","embeddable":true,"href":"https:\/\/scroll-zone.com\/pl\/wp-json\/wp\/v2\/product_cat?post=16994"},{"taxonomy":"product_tag","embeddable":true,"href":"https:\/\/scroll-zone.com\/pl\/wp-json\/wp\/v2\/product_tag?post=16994"}],"curies":[{"name":"wp","href":"https:\/\/api.w.org\/{rel}","templated":true}]}}