{"id":16924,"date":"2025-05-08T15:30:31","date_gmt":"2025-05-08T13:30:31","guid":{"rendered":"https:\/\/scroll-zone.com\/pl\/produkt\/autovariacija-product\/"},"modified":"2026-01-10T13:39:20","modified_gmt":"2026-01-10T12:39:20","slug":"karting-dzieciecy-2-w-1-samochod","status":"publish","type":"product","link":"https:\/\/scroll-zone.com\/pl\/produkt\/karting-dzieciecy-2-w-1-samochod\/","title":{"rendered":"Karting dzieci\u0119cy &#8211; 2 w 1 samoch\u00f3d"},"content":{"rendered":"","protected":false},"excerpt":{"rendered":"<p>Ten wielofunkcyjny pojazd dzieci\u0119cy umo\u017cliwia podw\u00f3jn\u0105 zabaw\u0119 \u2013 r\u0119czn\u0105 i elektryczn\u0105 jazd\u0119! Idealny do zabawy zar\u00f3wno w domu, jak i na zewn\u0105trz, jest lekki, sk\u0142adany i \u0142atwy w obs\u0142udze. Stabilna konstrukcja i funkcje bezpiecze\u0144stwa zapewniaj\u0105 dzieciom beztrosk\u0105 i ekscytuj\u0105c\u0105 jazd\u0119.<\/p>\n","protected":false},"featured_media":16939,"comment_status":"closed","ping_status":"closed","template":"","meta":{"inline_featured_image":false},"product_brand":[],"product_cat":[15,27,35],"product_tag":[],"class_list":{"0":"post-16924","1":"product","2":"type-product","3":"status-publish","4":"has-post-thumbnail","6":"product_cat-uncategorized","7":"product_cat-home","8":"product_cat-fun","10":"first","11":"instock","12":"sale","13":"taxable","14":"shipping-taxable","15":"purchasable","16":"product-type-variable"},"acf":[],"_links":{"self":[{"href":"https:\/\/scroll-zone.com\/pl\/wp-json\/wp\/v2\/product\/16924","targetHints":{"allow":["GET"]}}],"collection":[{"href":"https:\/\/scroll-zone.com\/pl\/wp-json\/wp\/v2\/product"}],"about":[{"href":"https:\/\/scroll-zone.com\/pl\/wp-json\/wp\/v2\/types\/product"}],"replies":[{"embeddable":true,"href":"https:\/\/scroll-zone.com\/pl\/wp-json\/wp\/v2\/comments?post=16924"}],"wp:featuredmedia":[{"embeddable":true,"href":"https:\/\/scroll-zone.com\/pl\/wp-json\/wp\/v2\/media\/16939"}],"wp:attachment":[{"href":"https:\/\/scroll-zone.com\/pl\/wp-json\/wp\/v2\/media?parent=16924"}],"wp:term":[{"taxonomy":"product_brand","embeddable":true,"href":"https:\/\/scroll-zone.com\/pl\/wp-json\/wp\/v2\/product_brand?post=16924"},{"taxonomy":"product_cat","embeddable":true,"href":"https:\/\/scroll-zone.com\/pl\/wp-json\/wp\/v2\/product_cat?post=16924"},{"taxonomy":"product_tag","embeddable":true,"href":"https:\/\/scroll-zone.com\/pl\/wp-json\/wp\/v2\/product_tag?post=16924"}],"curies":[{"name":"wp","href":"https:\/\/api.w.org\/{rel}","templated":true}]}}