{"id":16469,"date":"2025-03-18T09:51:12","date_gmt":"2025-03-18T08:51:12","guid":{"rendered":"https:\/\/scroll-zone.com\/pl\/?post_type=product&#038;p=16469"},"modified":"2026-03-10T19:07:50","modified_gmt":"2026-03-10T18:07:50","slug":"cwiczenia-miesni-kegla-2","status":"publish","type":"product","link":"https:\/\/scroll-zone.com\/pl\/produkt\/cwiczenia-miesni-kegla-2\/","title":{"rendered":"\u0106wiczenia mi\u0119\u015bni Kegla"},"content":{"rendered":"","protected":false},"excerpt":{"rendered":"<div class=\"woocommerce-product-details__short-description\">\n<div class=\"woocommerce-product-details__short-description\">\n<div class=\"woocommerce-product-details__short-description\">\n<div class=\"woocommerce-product-details__short-description\">\n<p>Osi\u0105gnij wi\u0119ksz\u0105 kontrol\u0119 i wytrzyma\u0142o\u015b\u0107 dzi\u0119ki \u0107wiczeniom mi\u0119\u015bni Kegla, kt\u00f3re wzmacniaj\u0105 mi\u0119\u015bnie dna miednicy. Ta prosta, naturalna i sprawdzona metoda pozwala poprawi\u0107 sprawno\u015b\u0107 fizyczn\u0105, wytrzyma\u0142o\u015b\u0107 i og\u00f3lne samopoczucie bez stosowania lek\u00f3w. Jest idealny dla m\u0119\u017cczyzn i kobiet, przeno\u015bny i \u0142atwy w u\u017cyciu w ka\u017cdym miejscu.<\/p>\n<\/div>\n<\/div>\n<\/div>\n<\/div>\n","protected":false},"featured_media":16396,"comment_status":"closed","ping_status":"closed","template":"","meta":{"inline_featured_image":false},"product_brand":[],"product_cat":[15,28,26],"product_tag":[],"class_list":{"0":"post-16469","1":"product","2":"type-product","3":"status-publish","4":"has-post-thumbnail","6":"product_cat-uncategorized","7":"product_cat-beauty","8":"product_cat-health","10":"first","11":"instock","12":"sale","13":"taxable","14":"shipping-taxable","15":"purchasable","16":"product-type-simple"},"acf":[],"_links":{"self":[{"href":"https:\/\/scroll-zone.com\/pl\/wp-json\/wp\/v2\/product\/16469","targetHints":{"allow":["GET"]}}],"collection":[{"href":"https:\/\/scroll-zone.com\/pl\/wp-json\/wp\/v2\/product"}],"about":[{"href":"https:\/\/scroll-zone.com\/pl\/wp-json\/wp\/v2\/types\/product"}],"replies":[{"embeddable":true,"href":"https:\/\/scroll-zone.com\/pl\/wp-json\/wp\/v2\/comments?post=16469"}],"wp:featuredmedia":[{"embeddable":true,"href":"https:\/\/scroll-zone.com\/pl\/wp-json\/wp\/v2\/media\/16396"}],"wp:attachment":[{"href":"https:\/\/scroll-zone.com\/pl\/wp-json\/wp\/v2\/media?parent=16469"}],"wp:term":[{"taxonomy":"product_brand","embeddable":true,"href":"https:\/\/scroll-zone.com\/pl\/wp-json\/wp\/v2\/product_brand?post=16469"},{"taxonomy":"product_cat","embeddable":true,"href":"https:\/\/scroll-zone.com\/pl\/wp-json\/wp\/v2\/product_cat?post=16469"},{"taxonomy":"product_tag","embeddable":true,"href":"https:\/\/scroll-zone.com\/pl\/wp-json\/wp\/v2\/product_tag?post=16469"}],"curies":[{"name":"wp","href":"https:\/\/api.w.org\/{rel}","templated":true}]}}