{"id":15483,"date":"2024-10-30T08:49:34","date_gmt":"2024-10-30T07:49:34","guid":{"rendered":"https:\/\/scroll-zone.com\/pl\/?post_type=product&#038;p=15483"},"modified":"2026-03-10T19:11:26","modified_gmt":"2026-03-10T18:11:26","slug":"ognista-magiczna-rozdzka","status":"publish","type":"product","link":"https:\/\/scroll-zone.com\/pl\/produkt\/ognista-magiczna-rozdzka\/","title":{"rendered":"Ognista magiczna r\u00f3\u017cd\u017cka"},"content":{"rendered":"","protected":false},"excerpt":{"rendered":"<p>Zachwy\u0107 swoich bliskich t\u0105 fantastyczn\u0105 magiczn\u0105 r\u00f3\u017cd\u017ck\u0105! Tajemnicza zabawa gwarantowana!<\/p>\n","protected":false},"featured_media":15484,"comment_status":"closed","ping_status":"closed","template":"","meta":{"inline_featured_image":false},"product_brand":[],"product_cat":[15,35],"product_tag":[],"class_list":{"0":"post-15483","1":"product","2":"type-product","3":"status-publish","4":"has-post-thumbnail","6":"product_cat-uncategorized","7":"product_cat-fun","9":"first","10":"instock","11":"sale","12":"taxable","13":"shipping-taxable","14":"purchasable","15":"product-type-simple"},"acf":[],"_links":{"self":[{"href":"https:\/\/scroll-zone.com\/pl\/wp-json\/wp\/v2\/product\/15483","targetHints":{"allow":["GET"]}}],"collection":[{"href":"https:\/\/scroll-zone.com\/pl\/wp-json\/wp\/v2\/product"}],"about":[{"href":"https:\/\/scroll-zone.com\/pl\/wp-json\/wp\/v2\/types\/product"}],"replies":[{"embeddable":true,"href":"https:\/\/scroll-zone.com\/pl\/wp-json\/wp\/v2\/comments?post=15483"}],"wp:featuredmedia":[{"embeddable":true,"href":"https:\/\/scroll-zone.com\/pl\/wp-json\/wp\/v2\/media\/15484"}],"wp:attachment":[{"href":"https:\/\/scroll-zone.com\/pl\/wp-json\/wp\/v2\/media?parent=15483"}],"wp:term":[{"taxonomy":"product_brand","embeddable":true,"href":"https:\/\/scroll-zone.com\/pl\/wp-json\/wp\/v2\/product_brand?post=15483"},{"taxonomy":"product_cat","embeddable":true,"href":"https:\/\/scroll-zone.com\/pl\/wp-json\/wp\/v2\/product_cat?post=15483"},{"taxonomy":"product_tag","embeddable":true,"href":"https:\/\/scroll-zone.com\/pl\/wp-json\/wp\/v2\/product_tag?post=15483"}],"curies":[{"name":"wp","href":"https:\/\/api.w.org\/{rel}","templated":true}]}}