{"id":15476,"date":"2024-10-29T15:45:44","date_gmt":"2024-10-29T14:45:44","guid":{"rendered":"https:\/\/scroll-zone.com\/pl\/?post_type=product&#038;p=15476"},"modified":"2026-03-10T19:11:59","modified_gmt":"2026-03-10T18:11:59","slug":"swiateczna-pozytywka-z-pociagiem","status":"publish","type":"product","link":"https:\/\/scroll-zone.com\/pl\/produkt\/swiateczna-pozytywka-z-pociagiem\/","title":{"rendered":"\u015awi\u0105teczna pozytywka z poci\u0105giem"},"content":{"rendered":"","protected":false},"excerpt":{"rendered":"<p>\u0141adny i praktyczny zestaw do szycia dla pocz\u0105tkuj\u0105cych i entuzjast\u00f3w szycia!<\/p>\n","protected":false},"featured_media":15477,"comment_status":"closed","ping_status":"closed","template":"","meta":{"inline_featured_image":false},"product_brand":[],"product_cat":[15,35],"product_tag":[],"class_list":{"0":"post-15476","1":"product","2":"type-product","3":"status-publish","4":"has-post-thumbnail","6":"product_cat-uncategorized","7":"product_cat-fun","9":"first","10":"instock","11":"sale","12":"taxable","13":"shipping-taxable","14":"purchasable","15":"product-type-simple"},"acf":[],"_links":{"self":[{"href":"https:\/\/scroll-zone.com\/pl\/wp-json\/wp\/v2\/product\/15476","targetHints":{"allow":["GET"]}}],"collection":[{"href":"https:\/\/scroll-zone.com\/pl\/wp-json\/wp\/v2\/product"}],"about":[{"href":"https:\/\/scroll-zone.com\/pl\/wp-json\/wp\/v2\/types\/product"}],"replies":[{"embeddable":true,"href":"https:\/\/scroll-zone.com\/pl\/wp-json\/wp\/v2\/comments?post=15476"}],"wp:featuredmedia":[{"embeddable":true,"href":"https:\/\/scroll-zone.com\/pl\/wp-json\/wp\/v2\/media\/15477"}],"wp:attachment":[{"href":"https:\/\/scroll-zone.com\/pl\/wp-json\/wp\/v2\/media?parent=15476"}],"wp:term":[{"taxonomy":"product_brand","embeddable":true,"href":"https:\/\/scroll-zone.com\/pl\/wp-json\/wp\/v2\/product_brand?post=15476"},{"taxonomy":"product_cat","embeddable":true,"href":"https:\/\/scroll-zone.com\/pl\/wp-json\/wp\/v2\/product_cat?post=15476"},{"taxonomy":"product_tag","embeddable":true,"href":"https:\/\/scroll-zone.com\/pl\/wp-json\/wp\/v2\/product_tag?post=15476"}],"curies":[{"name":"wp","href":"https:\/\/api.w.org\/{rel}","templated":true}]}}