{"id":14989,"date":"2024-07-05T09:08:02","date_gmt":"2024-07-05T07:08:02","guid":{"rendered":"https:\/\/scroll-zone.com\/pl\/?post_type=product&#038;p=14989"},"modified":"2026-03-10T19:15:05","modified_gmt":"2026-03-10T18:15:05","slug":"zestaw-do-szycia-diy-montessori","status":"publish","type":"product","link":"https:\/\/scroll-zone.com\/pl\/produkt\/zestaw-do-szycia-diy-montessori\/","title":{"rendered":"Zestaw do szycia DIY Montessori"},"content":{"rendered":"","protected":false},"excerpt":{"rendered":"<p>Ten zestaw DIY jest idealny do rozwijania kreatywno\u015bci i precyzji. Pozw\u00f3l swoim dzieciom samodzielnie dostosowa\u0107 ulubion\u0105 zabawk\u0119.<\/p>\n","protected":false},"featured_media":14995,"comment_status":"closed","ping_status":"closed","template":"","meta":{"inline_featured_image":false},"product_brand":[],"product_cat":[15,35],"product_tag":[],"class_list":{"0":"post-14989","1":"product","2":"type-product","3":"status-publish","4":"has-post-thumbnail","6":"product_cat-uncategorized","7":"product_cat-fun","9":"first","10":"instock","11":"sale","12":"taxable","13":"shipping-taxable","14":"purchasable","15":"product-type-simple"},"acf":[],"_links":{"self":[{"href":"https:\/\/scroll-zone.com\/pl\/wp-json\/wp\/v2\/product\/14989","targetHints":{"allow":["GET"]}}],"collection":[{"href":"https:\/\/scroll-zone.com\/pl\/wp-json\/wp\/v2\/product"}],"about":[{"href":"https:\/\/scroll-zone.com\/pl\/wp-json\/wp\/v2\/types\/product"}],"replies":[{"embeddable":true,"href":"https:\/\/scroll-zone.com\/pl\/wp-json\/wp\/v2\/comments?post=14989"}],"wp:featuredmedia":[{"embeddable":true,"href":"https:\/\/scroll-zone.com\/pl\/wp-json\/wp\/v2\/media\/14995"}],"wp:attachment":[{"href":"https:\/\/scroll-zone.com\/pl\/wp-json\/wp\/v2\/media?parent=14989"}],"wp:term":[{"taxonomy":"product_brand","embeddable":true,"href":"https:\/\/scroll-zone.com\/pl\/wp-json\/wp\/v2\/product_brand?post=14989"},{"taxonomy":"product_cat","embeddable":true,"href":"https:\/\/scroll-zone.com\/pl\/wp-json\/wp\/v2\/product_cat?post=14989"},{"taxonomy":"product_tag","embeddable":true,"href":"https:\/\/scroll-zone.com\/pl\/wp-json\/wp\/v2\/product_tag?post=14989"}],"curies":[{"name":"wp","href":"https:\/\/api.w.org\/{rel}","templated":true}]}}