{"id":14812,"date":"2024-05-27T12:15:39","date_gmt":"2024-05-27T10:15:39","guid":{"rendered":"https:\/\/scroll-zone.com\/pl\/?post_type=product&#038;p=14812"},"modified":"2026-03-10T19:15:56","modified_gmt":"2026-03-10T18:15:56","slug":"cicha-koszykowka","status":"publish","type":"product","link":"https:\/\/scroll-zone.com\/pl\/produkt\/cicha-koszykowka\/","title":{"rendered":"Cicha koszyk\u00f3wka"},"content":{"rendered":"","protected":false},"excerpt":{"rendered":"<p>Cicha pi\u0142ka do zabawy w mieszkaniu lub domu jest idealna do dobrej zabawy, nie powoduj\u0105c przy tym du\u017cego ha\u0142asu!<\/p>\n","protected":false},"featured_media":14819,"comment_status":"closed","ping_status":"closed","template":"","meta":{"inline_featured_image":false},"product_brand":[],"product_cat":[15,35],"product_tag":[],"class_list":{"0":"post-14812","1":"product","2":"type-product","3":"status-publish","4":"has-post-thumbnail","6":"product_cat-uncategorized","7":"product_cat-fun","9":"first","10":"instock","11":"sale","12":"taxable","13":"shipping-taxable","14":"purchasable","15":"product-type-simple"},"acf":[],"_links":{"self":[{"href":"https:\/\/scroll-zone.com\/pl\/wp-json\/wp\/v2\/product\/14812","targetHints":{"allow":["GET"]}}],"collection":[{"href":"https:\/\/scroll-zone.com\/pl\/wp-json\/wp\/v2\/product"}],"about":[{"href":"https:\/\/scroll-zone.com\/pl\/wp-json\/wp\/v2\/types\/product"}],"replies":[{"embeddable":true,"href":"https:\/\/scroll-zone.com\/pl\/wp-json\/wp\/v2\/comments?post=14812"}],"wp:featuredmedia":[{"embeddable":true,"href":"https:\/\/scroll-zone.com\/pl\/wp-json\/wp\/v2\/media\/14819"}],"wp:attachment":[{"href":"https:\/\/scroll-zone.com\/pl\/wp-json\/wp\/v2\/media?parent=14812"}],"wp:term":[{"taxonomy":"product_brand","embeddable":true,"href":"https:\/\/scroll-zone.com\/pl\/wp-json\/wp\/v2\/product_brand?post=14812"},{"taxonomy":"product_cat","embeddable":true,"href":"https:\/\/scroll-zone.com\/pl\/wp-json\/wp\/v2\/product_cat?post=14812"},{"taxonomy":"product_tag","embeddable":true,"href":"https:\/\/scroll-zone.com\/pl\/wp-json\/wp\/v2\/product_tag?post=14812"}],"curies":[{"name":"wp","href":"https:\/\/api.w.org\/{rel}","templated":true}]}}