{"id":14579,"date":"2024-04-08T09:11:57","date_gmt":"2024-04-08T07:11:57","guid":{"rendered":"https:\/\/scroll-zone.com\/pl\/?post_type=product&#038;p=14579"},"modified":"2026-03-10T19:16:51","modified_gmt":"2026-03-10T18:16:51","slug":"skladana-wanna-dla-niemowlat-i-dzieci","status":"publish","type":"product","link":"https:\/\/scroll-zone.com\/pl\/produkt\/skladana-wanna-dla-niemowlat-i-dzieci\/","title":{"rendered":"Sk\u0142adana wanna dla niemowl\u0105t i dzieci"},"content":{"rendered":"","protected":false},"excerpt":{"rendered":"<p>Praktyczna wanna najwy\u017cszej jako\u015bci wyposa\u017cona jest w termometr, mi\u0119kk\u0105 poduszk\u0119 i otw\u00f3r odp\u0142ywowy.<br \/>\nSk\u0142adana wanna ro\u015bnie wraz z dzieckiem i zapewnia optymalne warunki do k\u0105pieli.<\/p>\n","protected":false},"featured_media":14586,"comment_status":"closed","ping_status":"closed","template":"","meta":{"inline_featured_image":false},"product_brand":[],"product_cat":[15,27],"product_tag":[],"class_list":{"0":"post-14579","1":"product","2":"type-product","3":"status-publish","4":"has-post-thumbnail","6":"product_cat-uncategorized","7":"product_cat-home","9":"first","10":"instock","11":"sale","12":"taxable","13":"shipping-taxable","14":"purchasable","15":"product-type-simple"},"acf":[],"_links":{"self":[{"href":"https:\/\/scroll-zone.com\/pl\/wp-json\/wp\/v2\/product\/14579","targetHints":{"allow":["GET"]}}],"collection":[{"href":"https:\/\/scroll-zone.com\/pl\/wp-json\/wp\/v2\/product"}],"about":[{"href":"https:\/\/scroll-zone.com\/pl\/wp-json\/wp\/v2\/types\/product"}],"replies":[{"embeddable":true,"href":"https:\/\/scroll-zone.com\/pl\/wp-json\/wp\/v2\/comments?post=14579"}],"wp:featuredmedia":[{"embeddable":true,"href":"https:\/\/scroll-zone.com\/pl\/wp-json\/wp\/v2\/media\/14586"}],"wp:attachment":[{"href":"https:\/\/scroll-zone.com\/pl\/wp-json\/wp\/v2\/media?parent=14579"}],"wp:term":[{"taxonomy":"product_brand","embeddable":true,"href":"https:\/\/scroll-zone.com\/pl\/wp-json\/wp\/v2\/product_brand?post=14579"},{"taxonomy":"product_cat","embeddable":true,"href":"https:\/\/scroll-zone.com\/pl\/wp-json\/wp\/v2\/product_cat?post=14579"},{"taxonomy":"product_tag","embeddable":true,"href":"https:\/\/scroll-zone.com\/pl\/wp-json\/wp\/v2\/product_tag?post=14579"}],"curies":[{"name":"wp","href":"https:\/\/api.w.org\/{rel}","templated":true}]}}