{"id":102,"date":"2020-10-28T10:57:38","date_gmt":"2020-10-28T10:57:38","guid":{"rendered":"https:\/\/shopium.eu\/rs\/?page_id=102"},"modified":"2025-07-11T15:37:49","modified_gmt":"2025-07-11T13:37:49","slug":"reklamacje-i-wymiana-towarow","status":"publish","type":"page","link":"https:\/\/scroll-zone.com\/pl\/reklamacje-i-wymiana-towarow\/","title":{"rendered":"Reklamacje i wymiana towar\u00f3w"},"content":{"rendered":"<h3 data-start=\"89\" data-end=\"120\">REKLAMACJE I WYMIANA TOWARU<\/h3>\n<h4 data-start=\"122\" data-end=\"139\">Reklamacje<\/h4>\n<p data-start=\"140\" data-end=\"576\">W przypadku reklamacji dotycz\u0105cych produktu lub naszych us\u0142ug, prosimy o kontakt pod adresem e-mail: <strong data-start=\"241\" data-end=\"263\"><a class=\"cursor-pointer\" rel=\"noopener\" data-start=\"243\" data-end=\"261\">pl@scroll-zone.com<\/a><\/strong>. Mo\u017cecie mie\u0107 pewno\u015b\u0107, \u017ce jeste\u015bmy gotowi i zdolni rozwi\u0105za\u0107 ka\u017cd\u0105 sytuacj\u0119, kt\u00f3ra mo\u017ce si\u0119 pojawi\u0107.<br data-start=\"364\" data-end=\"367\" \/><strong data-start=\"367\" data-end=\"396\">Reklamacje nie s\u0105 mo\u017cliwe<\/strong> w przypadku produkt\u00f3w, kt\u00f3re maj\u0105 bezpo\u015bredni kontakt ze sk\u00f3r\u0105, z\u0119bami lub intymnymi cz\u0119\u015bciami cia\u0142a. Produkty wykazuj\u0105ce wyra\u017ane \u015blady u\u017cytkowania r\u00f3wnie\u017c nie podlegaj\u0105 zwrotowi!<\/p>\n<h4 data-start=\"578\" data-end=\"621\">Zwrot pieni\u0119dzy lub wymiana produktu<\/h4>\n<p data-start=\"622\" data-end=\"1456\">W ci\u0105gu 14 dni od zakupu produktu, kupuj\u0105cy ma mo\u017cliwo\u015b\u0107 wymiany zakupionego towaru. Produkt mo\u017cna wymieni\u0107 na inny lub za\u017c\u0105da\u0107 zwrotu pieni\u0119dzy.<br data-start=\"767\" data-end=\"770\" \/>Produkt <strong data-start=\"778\" data-end=\"805\">nie mo\u017ce by\u0107 uszkodzony<\/strong> i musi zosta\u0107 zwr\u00f3cony w oryginalnym i nienaruszonym opakowaniu, wraz ze wszystkimi dostarczonymi akcesoriami. W przeciwnym razie reklamacja zostanie odrzucona lub tylko cz\u0119\u015bciowo rozpatrzona!<br data-start=\"998\" data-end=\"1001\" \/>W ci\u0105gu 14 dni od otrzymania przesy\u0142ki, klient mo\u017ce poinformowa\u0107 nas <strong data-start=\"1070\" data-end=\"1108\">na pi\u015bmie za po\u015brednictwem e-maila<\/strong> (<strong data-start=\"1110\" data-end=\"1132\"><a class=\"cursor-pointer\" rel=\"noopener\" data-start=\"1112\" data-end=\"1130\">pl@scroll-zone.com<\/a><\/strong>) o odst\u0105pieniu od umowy, podaj\u0105c swoje dane oraz numer przesy\u0142ki, lub przes\u0142a\u0107 nam otrzyman\u0105 faktur\u0119 elektroniczn\u0105 na adres e-mail podany podczas zakupu, aby\u015bmy mogli zidentyfikowa\u0107 Twoje zam\u00f3wienie.<br data-start=\"1332\" data-end=\"1335\" \/>W mi\u0119dzyczasie mo\u017cesz wype\u0142ni\u0107 formularz, kt\u00f3ry nale\u017cy uzupe\u0142ni\u0107 i wraz z produktem odes\u0142a\u0107 na nasz adres w ci\u0105gu 14 dni:<\/p>\n<p data-start=\"1458\" data-end=\"1519\"><strong data-start=\"1458\" data-end=\"1519\">ECTCEU d.o.o., Kamni\u0161ka cesta 24, 1235 Radomlje, S\u0142owenia<\/strong><\/p>\n<p data-start=\"1521\" data-end=\"1665\"><strong data-start=\"1521\" data-end=\"1583\">Adres e-mail do kontaktu w sprawie reklamacji lub wymiany:<\/strong> <a class=\"cursor-pointer\" rel=\"noopener\" data-start=\"1584\" data-end=\"1602\">pl@scroll-zone.com<\/a><br data-start=\"1602\" data-end=\"1605\" \/><strong data-start=\"1605\" data-end=\"1665\">Zwrot \u015brodk\u00f3w nast\u0105pi po otrzymaniu zwr\u00f3conej przesy\u0142ki!<\/strong><\/p>\n<h4 data-start=\"1667\" data-end=\"1685\">Formularze:<\/h4>\n<ul data-start=\"1686\" data-end=\"1805\">\n<li data-start=\"1686\" data-end=\"1752\">\n<p data-start=\"1688\" data-end=\"1752\">Formularz wymiany produktu: <a href=\"https:\/\/bit.ly\/2DfbXzn\">https:\/\/bit.ly\/\u00a0<\/a><\/p>\n<\/li>\n<li data-start=\"1753\" data-end=\"1805\">\n<p data-start=\"1755\" data-end=\"1805\">Formularz zwrotu: <a class=\"\" href=\"https:\/\/docs.google.com\/forms\/d\/1P_T-5ZfzEQe49ZtnJlKTvbo25qa208onycePm8arl2Q\/edit\" target=\"_new\" rel=\"noopener\" data-start=\"1773\" data-end=\"1805\">https:\/\/bitly\/<\/a><\/p>\n<\/li>\n<\/ul>\n<hr data-start=\"1807\" data-end=\"1810\" \/>\n<p data-start=\"1812\" data-end=\"2172\"><strong data-start=\"1812\" data-end=\"1822\">Uwaga:<\/strong><br data-start=\"1822\" data-end=\"1825\" \/>Koszty wysy\u0142ki ponosi nadawca. <strong data-start=\"1856\" data-end=\"1899\">Nie przyjmujemy przesy\u0142ek za pobraniem!<\/strong><br data-start=\"1899\" data-end=\"1902\" \/>Je\u015bli formularz odst\u0105pienia od umowy nie zostanie wype\u0142niony w ci\u0105gu 14 dni od otrzymania przesy\u0142ki, <strong data-start=\"2003\" data-end=\"2061\">zwrot pieni\u0119dzy lub wymiana towaru nie b\u0119dzie mo\u017cliwa!<\/strong><br data-start=\"2061\" data-end=\"2064\" \/>W ci\u0105gu 8 dni roboczych od otrzymania paczki Tw\u00f3j produkt zostanie wymieniony lub otrzymasz zwrot pieni\u0119dzy.<\/p>\n","protected":false},"excerpt":{"rendered":"<p>REKLAMACJE I WYMIANA TOWARU Reklamacje W przypadku reklamacji dotycz\u0105cych produktu lub naszych us\u0142ug, prosimy o kontakt pod adresem e-mail: pl@scroll-zone.com. Mo\u017cecie mie\u0107 pewno\u015b\u0107, \u017ce jeste\u015bmy gotowi i zdolni rozwi\u0105za\u0107 ka\u017cd\u0105 sytuacj\u0119, kt\u00f3ra mo\u017ce si\u0119 pojawi\u0107.Reklamacje nie s\u0105 mo\u017cliwe w przypadku produkt\u00f3w, kt\u00f3re maj\u0105 bezpo\u015bredni kontakt ze sk\u00f3r\u0105, z\u0119bami lub intymnymi cz\u0119\u015bciami cia\u0142a. Produkty wykazuj\u0105ce wyra\u017ane &hellip; <a href=\"https:\/\/scroll-zone.com\/pl\/reklamacje-i-wymiana-towarow\/\">Continued<\/a><\/p>\n","protected":false},"author":1,"featured_media":0,"parent":0,"menu_order":0,"comment_status":"closed","ping_status":"closed","template":"","meta":{"inline_featured_image":false,"footnotes":""},"class_list":["post-102","page","type-page","status-publish","hentry"],"acf":[],"_links":{"self":[{"href":"https:\/\/scroll-zone.com\/pl\/wp-json\/wp\/v2\/pages\/102","targetHints":{"allow":["GET"]}}],"collection":[{"href":"https:\/\/scroll-zone.com\/pl\/wp-json\/wp\/v2\/pages"}],"about":[{"href":"https:\/\/scroll-zone.com\/pl\/wp-json\/wp\/v2\/types\/page"}],"author":[{"embeddable":true,"href":"https:\/\/scroll-zone.com\/pl\/wp-json\/wp\/v2\/users\/1"}],"replies":[{"embeddable":true,"href":"https:\/\/scroll-zone.com\/pl\/wp-json\/wp\/v2\/comments?post=102"}],"version-history":[{"count":18,"href":"https:\/\/scroll-zone.com\/pl\/wp-json\/wp\/v2\/pages\/102\/revisions"}],"predecessor-version":[{"id":18032,"href":"https:\/\/scroll-zone.com\/pl\/wp-json\/wp\/v2\/pages\/102\/revisions\/18032"}],"wp:attachment":[{"href":"https:\/\/scroll-zone.com\/pl\/wp-json\/wp\/v2\/media?parent=102"}],"curies":[{"name":"wp","href":"https:\/\/api.w.org\/{rel}","templated":true}]}}