{"id":11867,"date":"2025-06-09T11:08:24","date_gmt":"2025-06-09T09:08:24","guid":{"rendered":"https:\/\/scroll-zone.com\/lv\/proizvod\/invisisprayvo-product\/"},"modified":"2025-06-09T11:33:56","modified_gmt":"2025-06-09T09:33:56","slug":"neredzams-aerosols-automasinu-numura-zimem-2","status":"publish","type":"product","link":"https:\/\/scroll-zone.com\/lv\/proizvod\/neredzams-aerosols-automasinu-numura-zimem-2\/","title":{"rendered":"Neredzams aerosols automa\u0161\u012bnu numura z\u012bm\u0113m"},"content":{"rendered":"","protected":false},"excerpt":{"rendered":"<p>\u0160is jap\u0101\u0146u neredzamais aerosols nodro\u0161ina t\u016bl\u012bt\u0113jus rezult\u0101tus, sniedzot jums piln\u012bgu priv\u0101tumu brauk\u0161anas laik\u0101. Vienk\u0101r\u0161i izsmidziniet uz re\u0123istr\u0101cijas numura z\u012bmes un nodro\u0161iniet sev maksim\u0101lu aizsardz\u012bbu pret izseko\u0161anas sist\u0113m\u0101m. Ar \u0161o inovat\u012bvo foto blo\u0137\u0113\u0161anas tehnolo\u0123iju j\u016bsu anonimit\u0101te ir pirmaj\u0101 viet\u0101.<\/p>\n","protected":false},"featured_media":11882,"comment_status":"closed","ping_status":"closed","template":"","meta":{"inline_featured_image":false},"product_brand":[],"product_cat":[15,25,27,28],"product_tag":[],"class_list":{"0":"post-11867","1":"product","2":"type-product","3":"status-publish","4":"has-post-thumbnail","6":"product_cat-uncategorized","7":"product_cat-car","8":"product_cat-home","9":"product_cat-beauty","11":"first","12":"instock","13":"sale","14":"taxable","15":"shipping-taxable","16":"purchasable","17":"product-type-simple"},"acf":[],"_links":{"self":[{"href":"https:\/\/scroll-zone.com\/lv\/wp-json\/wp\/v2\/product\/11867","targetHints":{"allow":["GET"]}}],"collection":[{"href":"https:\/\/scroll-zone.com\/lv\/wp-json\/wp\/v2\/product"}],"about":[{"href":"https:\/\/scroll-zone.com\/lv\/wp-json\/wp\/v2\/types\/product"}],"replies":[{"embeddable":true,"href":"https:\/\/scroll-zone.com\/lv\/wp-json\/wp\/v2\/comments?post=11867"}],"wp:featuredmedia":[{"embeddable":true,"href":"https:\/\/scroll-zone.com\/lv\/wp-json\/wp\/v2\/media\/11882"}],"wp:attachment":[{"href":"https:\/\/scroll-zone.com\/lv\/wp-json\/wp\/v2\/media?parent=11867"}],"wp:term":[{"taxonomy":"product_brand","embeddable":true,"href":"https:\/\/scroll-zone.com\/lv\/wp-json\/wp\/v2\/product_brand?post=11867"},{"taxonomy":"product_cat","embeddable":true,"href":"https:\/\/scroll-zone.com\/lv\/wp-json\/wp\/v2\/product_cat?post=11867"},{"taxonomy":"product_tag","embeddable":true,"href":"https:\/\/scroll-zone.com\/lv\/wp-json\/wp\/v2\/product_tag?post=11867"}],"curies":[{"name":"wp","href":"https:\/\/api.w.org\/{rel}","templated":true}]}}