{"id":11469,"date":"2025-03-11T15:37:18","date_gmt":"2025-03-11T14:37:18","guid":{"rendered":"https:\/\/scroll-zone.com\/lv\/?post_type=product&#038;p=11469"},"modified":"2025-04-10T13:13:19","modified_gmt":"2025-04-10T11:13:19","slug":"kegela-vingrinajumi","status":"publish","type":"product","link":"https:\/\/scroll-zone.com\/lv\/proizvod\/kegela-vingrinajumi\/","title":{"rendered":"Kegela vingrin\u0101jumi"},"content":{"rendered":"","protected":false},"excerpt":{"rendered":"<p>Sasniedziet liel\u0101ku kontroli un iztur\u012bbu ar Kegela vingrin\u0101jumiem, kas stiprina j\u016bsu iegur\u0146a pamatnes musku\u013cus. \u0160\u012b vienk\u0101r\u0161\u0101, dabisk\u0101 un p\u0101rbaud\u012bt\u0101 metode uzlabo fizisko sagatavot\u012bbu, iztur\u012bbu un visp\u0101r\u0113jo pa\u0161saj\u016btu bez narkotiku lieto\u0161anas. Tas ir ide\u0101li piem\u0113rots v\u012brie\u0161iem un sieviet\u0113m, un ir p\u0101rn\u0113s\u0101jams un viegli lietojams jebkur\u0101 viet\u0101.<\/p>\n","protected":false},"featured_media":11474,"comment_status":"closed","ping_status":"closed","template":"","meta":{"inline_featured_image":false},"product_brand":[],"product_cat":[15,27],"product_tag":[],"class_list":{"0":"post-11469","1":"product","2":"type-product","3":"status-publish","4":"has-post-thumbnail","6":"product_cat-uncategorized","7":"product_cat-home","9":"first","10":"instock","11":"sale","12":"taxable","13":"shipping-taxable","14":"purchasable","15":"product-type-simple"},"acf":[],"_links":{"self":[{"href":"https:\/\/scroll-zone.com\/lv\/wp-json\/wp\/v2\/product\/11469","targetHints":{"allow":["GET"]}}],"collection":[{"href":"https:\/\/scroll-zone.com\/lv\/wp-json\/wp\/v2\/product"}],"about":[{"href":"https:\/\/scroll-zone.com\/lv\/wp-json\/wp\/v2\/types\/product"}],"replies":[{"embeddable":true,"href":"https:\/\/scroll-zone.com\/lv\/wp-json\/wp\/v2\/comments?post=11469"}],"wp:featuredmedia":[{"embeddable":true,"href":"https:\/\/scroll-zone.com\/lv\/wp-json\/wp\/v2\/media\/11474"}],"wp:attachment":[{"href":"https:\/\/scroll-zone.com\/lv\/wp-json\/wp\/v2\/media?parent=11469"}],"wp:term":[{"taxonomy":"product_brand","embeddable":true,"href":"https:\/\/scroll-zone.com\/lv\/wp-json\/wp\/v2\/product_brand?post=11469"},{"taxonomy":"product_cat","embeddable":true,"href":"https:\/\/scroll-zone.com\/lv\/wp-json\/wp\/v2\/product_cat?post=11469"},{"taxonomy":"product_tag","embeddable":true,"href":"https:\/\/scroll-zone.com\/lv\/wp-json\/wp\/v2\/product_tag?post=11469"}],"curies":[{"name":"wp","href":"https:\/\/api.w.org\/{rel}","templated":true}]}}