{"id":11032,"date":"2024-10-16T10:31:58","date_gmt":"2024-10-16T08:31:58","guid":{"rendered":"https:\/\/scroll-zone.com\/lt\/?post_type=product&#038;p=11032"},"modified":"2024-10-16T10:34:18","modified_gmt":"2024-10-16T08:34:18","slug":"led-svieslente","status":"publish","type":"product","link":"https:\/\/scroll-zone.com\/lt\/proizvod\/led-svieslente\/","title":{"rendered":"LED \u0161vieslent\u0117"},"content":{"rendered":"","protected":false},"excerpt":{"rendered":"<p>\u0160i\u0105 lent\u0105 galite naudoti u\u017era\u0161ams, priminimams ar pastaboms.<\/p>\n","protected":false},"featured_media":11035,"comment_status":"closed","ping_status":"closed","template":"","meta":{"inline_featured_image":false},"product_brand":[],"product_cat":[15,35],"product_tag":[],"class_list":{"0":"post-11032","1":"product","2":"type-product","3":"status-publish","4":"has-post-thumbnail","6":"product_cat-uncategorized","7":"product_cat-fun","9":"first","10":"instock","11":"sale","12":"taxable","13":"shipping-taxable","14":"purchasable","15":"product-type-simple"},"acf":[],"_links":{"self":[{"href":"https:\/\/scroll-zone.com\/lt\/wp-json\/wp\/v2\/product\/11032","targetHints":{"allow":["GET"]}}],"collection":[{"href":"https:\/\/scroll-zone.com\/lt\/wp-json\/wp\/v2\/product"}],"about":[{"href":"https:\/\/scroll-zone.com\/lt\/wp-json\/wp\/v2\/types\/product"}],"replies":[{"embeddable":true,"href":"https:\/\/scroll-zone.com\/lt\/wp-json\/wp\/v2\/comments?post=11032"}],"wp:featuredmedia":[{"embeddable":true,"href":"https:\/\/scroll-zone.com\/lt\/wp-json\/wp\/v2\/media\/11035"}],"wp:attachment":[{"href":"https:\/\/scroll-zone.com\/lt\/wp-json\/wp\/v2\/media?parent=11032"}],"wp:term":[{"taxonomy":"product_brand","embeddable":true,"href":"https:\/\/scroll-zone.com\/lt\/wp-json\/wp\/v2\/product_brand?post=11032"},{"taxonomy":"product_cat","embeddable":true,"href":"https:\/\/scroll-zone.com\/lt\/wp-json\/wp\/v2\/product_cat?post=11032"},{"taxonomy":"product_tag","embeddable":true,"href":"https:\/\/scroll-zone.com\/lt\/wp-json\/wp\/v2\/product_tag?post=11032"}],"curies":[{"name":"wp","href":"https:\/\/api.w.org\/{rel}","templated":true}]}}