{"id":50959,"date":"2026-02-26T07:44:46","date_gmt":"2026-02-26T06:44:46","guid":{"rendered":"https:\/\/scroll-zone.com\/it\/prodotto\/pandyno-product\/"},"modified":"2026-03-26T14:59:25","modified_gmt":"2026-03-26T13:59:25","slug":"panda-realistica-da-abbracciare","status":"publish","type":"product","link":"https:\/\/scroll-zone.com\/it\/prodotto\/panda-realistica-da-abbracciare\/","title":{"rendered":"Panda realistica da abbracciare"},"content":{"rendered":"","protected":false},"excerpt":{"rendered":"<p>Questa panda di peluche realistica con un peso attentamente distribuito offre una sensazione naturale quando viene tenuta e sembra quasi reale. \u00c8 realizzata in pelliccia densa e morbida e con un&#8217;imbottitura di qualit\u00e0 che mantiene la forma e la pienezza. \u00c8 la scelta perfetta per un regalo, una decorazione o per godersi momenti caldi a casa.<\/p>\n","protected":false},"featured_media":50960,"comment_status":"closed","ping_status":"closed","template":"","meta":{"inline_featured_image":false},"product_brand":[],"product_cat":[15,27,24,35],"product_tag":[],"class_list":{"0":"post-50959","1":"product","2":"type-product","3":"status-publish","4":"has-post-thumbnail","6":"product_cat-uncategorized","7":"product_cat-home","8":"product_cat-sale","9":"product_cat-fun","11":"first","12":"instock","13":"sale","14":"taxable","15":"shipping-taxable","16":"purchasable","17":"product-type-simple"},"acf":[],"_links":{"self":[{"href":"https:\/\/scroll-zone.com\/it\/wp-json\/wp\/v2\/product\/50959","targetHints":{"allow":["GET"]}}],"collection":[{"href":"https:\/\/scroll-zone.com\/it\/wp-json\/wp\/v2\/product"}],"about":[{"href":"https:\/\/scroll-zone.com\/it\/wp-json\/wp\/v2\/types\/product"}],"replies":[{"embeddable":true,"href":"https:\/\/scroll-zone.com\/it\/wp-json\/wp\/v2\/comments?post=50959"}],"wp:featuredmedia":[{"embeddable":true,"href":"https:\/\/scroll-zone.com\/it\/wp-json\/wp\/v2\/media\/50960"}],"wp:attachment":[{"href":"https:\/\/scroll-zone.com\/it\/wp-json\/wp\/v2\/media?parent=50959"}],"wp:term":[{"taxonomy":"product_brand","embeddable":true,"href":"https:\/\/scroll-zone.com\/it\/wp-json\/wp\/v2\/product_brand?post=50959"},{"taxonomy":"product_cat","embeddable":true,"href":"https:\/\/scroll-zone.com\/it\/wp-json\/wp\/v2\/product_cat?post=50959"},{"taxonomy":"product_tag","embeddable":true,"href":"https:\/\/scroll-zone.com\/it\/wp-json\/wp\/v2\/product_tag?post=50959"}],"curies":[{"name":"wp","href":"https:\/\/api.w.org\/{rel}","templated":true}]}}