{"id":42982,"date":"2025-06-05T12:55:51","date_gmt":"2025-06-05T10:55:51","guid":{"rendered":"https:\/\/scroll-zone.com\/it\/prodotto\/garagedisplayvo-product\/"},"modified":"2025-06-26T12:19:53","modified_gmt":"2025-06-26T10:19:53","slug":"garage-di-lusso-per-modelli-di-auto-da-collezione-2","status":"publish","type":"product","link":"https:\/\/scroll-zone.com\/it\/prodotto\/garage-di-lusso-per-modelli-di-auto-da-collezione-2\/","title":{"rendered":"Garage di lusso per modelli di auto da collezione"},"content":{"rendered":"","protected":false},"excerpt":{"rendered":"<p data-start=\"3189\" data-end=\"3547\">Questa lussuosa mini-garage \u00e8 la soluzione perfetta per esporre i tuoi modelli di auto da collezione. Con illuminazione LED elegante e design moderno, offre uno spazio raffinato per un solo modello. Puoi ordinare pi\u00f9 garage per organizzare una collezione pi\u00f9 ampia. Realizzata con materiali di alta qualit\u00e0, garantisce durata e sicurezza alla tua collezione.<\/p>\n","protected":false},"featured_media":42989,"comment_status":"closed","ping_status":"closed","template":"","meta":{"inline_featured_image":false},"product_brand":[],"product_cat":[15,25,27,35],"product_tag":[],"class_list":{"0":"post-42982","1":"product","2":"type-product","3":"status-publish","4":"has-post-thumbnail","6":"product_cat-uncategorized","7":"product_cat-car","8":"product_cat-home","9":"product_cat-fun","11":"first","12":"instock","13":"sale","14":"taxable","15":"shipping-taxable","16":"purchasable","17":"product-type-simple"},"acf":[],"_links":{"self":[{"href":"https:\/\/scroll-zone.com\/it\/wp-json\/wp\/v2\/product\/42982","targetHints":{"allow":["GET"]}}],"collection":[{"href":"https:\/\/scroll-zone.com\/it\/wp-json\/wp\/v2\/product"}],"about":[{"href":"https:\/\/scroll-zone.com\/it\/wp-json\/wp\/v2\/types\/product"}],"replies":[{"embeddable":true,"href":"https:\/\/scroll-zone.com\/it\/wp-json\/wp\/v2\/comments?post=42982"}],"wp:featuredmedia":[{"embeddable":true,"href":"https:\/\/scroll-zone.com\/it\/wp-json\/wp\/v2\/media\/42989"}],"wp:attachment":[{"href":"https:\/\/scroll-zone.com\/it\/wp-json\/wp\/v2\/media?parent=42982"}],"wp:term":[{"taxonomy":"product_brand","embeddable":true,"href":"https:\/\/scroll-zone.com\/it\/wp-json\/wp\/v2\/product_brand?post=42982"},{"taxonomy":"product_cat","embeddable":true,"href":"https:\/\/scroll-zone.com\/it\/wp-json\/wp\/v2\/product_cat?post=42982"},{"taxonomy":"product_tag","embeddable":true,"href":"https:\/\/scroll-zone.com\/it\/wp-json\/wp\/v2\/product_tag?post=42982"}],"curies":[{"name":"wp","href":"https:\/\/api.w.org\/{rel}","templated":true}]}}