{"id":9061,"date":"2023-05-16T09:36:08","date_gmt":"2023-05-16T07:36:08","guid":{"rendered":"https:\/\/scroll-zone.com\/hu\/?post_type=product&#038;p=9061"},"modified":"2025-04-22T16:20:38","modified_gmt":"2025-04-22T14:20:38","slug":"mini-hordozhato-kamera","status":"publish","type":"product","link":"https:\/\/scroll-zone.com\/hu\/termek\/mini-hordozhato-kamera\/","title":{"rendered":"Mini hordozhat\u00f3 kamera"},"content":{"rendered":"","protected":false},"excerpt":{"rendered":"<p>Mini hordozhat\u00f3 kamera kiv\u00e1l\u00f3 f\u00f3kusszal \u00e9s felbont\u00e1ssal, hordozhat\u00f3 \u00e9s egyszer\u0171en haszn\u00e1lhat\u00f3.<\/p>\n","protected":false},"featured_media":9068,"comment_status":"closed","ping_status":"closed","template":"","meta":{"inline_featured_image":false},"product_brand":[],"product_cat":[15,25,27],"product_tag":[],"class_list":{"0":"post-9061","1":"product","2":"type-product","3":"status-publish","4":"has-post-thumbnail","6":"product_cat-uncategorized","7":"product_cat-car","8":"product_cat-home","10":"first","11":"instock","12":"sale","13":"taxable","14":"shipping-taxable","15":"purchasable","16":"product-type-simple"},"acf":[],"_links":{"self":[{"href":"https:\/\/scroll-zone.com\/hu\/wp-json\/wp\/v2\/product\/9061","targetHints":{"allow":["GET"]}}],"collection":[{"href":"https:\/\/scroll-zone.com\/hu\/wp-json\/wp\/v2\/product"}],"about":[{"href":"https:\/\/scroll-zone.com\/hu\/wp-json\/wp\/v2\/types\/product"}],"replies":[{"embeddable":true,"href":"https:\/\/scroll-zone.com\/hu\/wp-json\/wp\/v2\/comments?post=9061"}],"wp:featuredmedia":[{"embeddable":true,"href":"https:\/\/scroll-zone.com\/hu\/wp-json\/wp\/v2\/media\/9068"}],"wp:attachment":[{"href":"https:\/\/scroll-zone.com\/hu\/wp-json\/wp\/v2\/media?parent=9061"}],"wp:term":[{"taxonomy":"product_brand","embeddable":true,"href":"https:\/\/scroll-zone.com\/hu\/wp-json\/wp\/v2\/product_brand?post=9061"},{"taxonomy":"product_cat","embeddable":true,"href":"https:\/\/scroll-zone.com\/hu\/wp-json\/wp\/v2\/product_cat?post=9061"},{"taxonomy":"product_tag","embeddable":true,"href":"https:\/\/scroll-zone.com\/hu\/wp-json\/wp\/v2\/product_tag?post=9061"}],"curies":[{"name":"wp","href":"https:\/\/api.w.org\/{rel}","templated":true}]}}