{"id":21289,"date":"2025-12-04T12:53:39","date_gmt":"2025-12-04T11:53:39","guid":{"rendered":"https:\/\/scroll-zone.com\/hu\/?post_type=product&#038;p=21289"},"modified":"2026-03-10T19:23:54","modified_gmt":"2026-03-10T18:23:54","slug":"11-ajandek-diy-karkoto-keszito-keszlet","status":"publish","type":"product","link":"https:\/\/scroll-zone.com\/hu\/termek\/11-ajandek-diy-karkoto-keszito-keszlet\/","title":{"rendered":"1+1 AJ\u00c1ND\u00c9K &#8211; DIY kark\u00f6t\u0151 k\u00e9sz\u00edt\u0151 k\u00e9szlet"},"content":{"rendered":"","protected":false},"excerpt":{"rendered":"<p>Fejezze ki kreativit\u00e1s\u00e1t \u00e9s k\u00e9sz\u00edtsen mag\u00e1nak egyedi kark\u00f6t\u0151ket. Ebben a k\u00e9szletben mindent megtal\u00e1l, ami a gy\u00f6ny\u00f6r\u0171 \u00e9kszerek elk\u00e9sz\u00edt\u00e9s\u00e9hez sz\u00fcks\u00e9ges.<\/p>\n","protected":false},"featured_media":10735,"comment_status":"closed","ping_status":"closed","template":"","meta":{"inline_featured_image":false},"product_brand":[],"product_cat":[15,35],"product_tag":[],"class_list":{"0":"post-21289","1":"product","2":"type-product","3":"status-publish","4":"has-post-thumbnail","6":"product_cat-uncategorized","7":"product_cat-fun","9":"first","10":"instock","11":"sale","12":"taxable","13":"shipping-taxable","14":"purchasable","15":"product-type-simple"},"acf":[],"_links":{"self":[{"href":"https:\/\/scroll-zone.com\/hu\/wp-json\/wp\/v2\/product\/21289","targetHints":{"allow":["GET"]}}],"collection":[{"href":"https:\/\/scroll-zone.com\/hu\/wp-json\/wp\/v2\/product"}],"about":[{"href":"https:\/\/scroll-zone.com\/hu\/wp-json\/wp\/v2\/types\/product"}],"replies":[{"embeddable":true,"href":"https:\/\/scroll-zone.com\/hu\/wp-json\/wp\/v2\/comments?post=21289"}],"wp:featuredmedia":[{"embeddable":true,"href":"https:\/\/scroll-zone.com\/hu\/wp-json\/wp\/v2\/media\/10735"}],"wp:attachment":[{"href":"https:\/\/scroll-zone.com\/hu\/wp-json\/wp\/v2\/media?parent=21289"}],"wp:term":[{"taxonomy":"product_brand","embeddable":true,"href":"https:\/\/scroll-zone.com\/hu\/wp-json\/wp\/v2\/product_brand?post=21289"},{"taxonomy":"product_cat","embeddable":true,"href":"https:\/\/scroll-zone.com\/hu\/wp-json\/wp\/v2\/product_cat?post=21289"},{"taxonomy":"product_tag","embeddable":true,"href":"https:\/\/scroll-zone.com\/hu\/wp-json\/wp\/v2\/product_tag?post=21289"}],"curies":[{"name":"wp","href":"https:\/\/api.w.org\/{rel}","templated":true}]}}