{"id":18323,"date":"2025-06-02T15:44:25","date_gmt":"2025-06-02T13:44:25","guid":{"rendered":"https:\/\/scroll-zone.com\/hu\/termek\/minisaw-product\/"},"modified":"2026-03-10T19:36:29","modified_gmt":"2026-03-10T18:36:29","slug":"mini-asztali-furesz-preciz-es-praktikus-vagas","status":"publish","type":"product","link":"https:\/\/scroll-zone.com\/hu\/termek\/mini-asztali-furesz-preciz-es-praktikus-vagas\/","title":{"rendered":"Mini Asztali F\u0171r\u00e9sz \u2013 Prec\u00edz \u00e9s Praktikus V\u00e1g\u00e1s"},"content":{"rendered":"","protected":false},"excerpt":{"rendered":"<p>Ez a kompakt \u00e9s er\u0151s 100W-os mini asztali f\u0171r\u00e9sz prec\u00edz v\u00e1g\u00e1st biztos\u00edt k\u00fcl\u00f6nb\u00f6z\u0151 anyagok, p\u00e9ld\u00e1ul fa, akril \u00e9s alum\u00ednium eset\u00e9n. A 0\u00b0-t\u00f3l 90\u00b0-ig \u00e1ll\u00edthat\u00f3 v\u00e1g\u00e1si sz\u00f6g \u00e9s a 7 fokozat\u00fa sebess\u00e9gszab\u00e1lyoz\u00e1s rugalmass\u00e1got \u00e9s ir\u00e1ny\u00edt\u00e1st biztos\u00edt munka k\u00f6zben. Stabil kialak\u00edt\u00e1s\u00e1val \u00e9s kiv\u00e1l\u00f3 min\u0151s\u00e9g\u0171 peng\u00e9ivel ide\u00e1lis modellez\u0151k, hobbi bark\u00e1csol\u00f3k \u00e9s k\u00e9zm\u0171vesek sz\u00e1m\u00e1ra.<\/p>\n","protected":false},"featured_media":18329,"comment_status":"closed","ping_status":"closed","template":"","meta":{"inline_featured_image":false},"product_brand":[],"product_cat":[15,27,35],"product_tag":[],"class_list":{"0":"post-18323","1":"product","2":"type-product","3":"status-publish","4":"has-post-thumbnail","6":"product_cat-uncategorized","7":"product_cat-home","8":"product_cat-fun","10":"first","11":"instock","12":"sale","13":"taxable","14":"shipping-taxable","15":"purchasable","16":"product-type-simple"},"acf":[],"_links":{"self":[{"href":"https:\/\/scroll-zone.com\/hu\/wp-json\/wp\/v2\/product\/18323","targetHints":{"allow":["GET"]}}],"collection":[{"href":"https:\/\/scroll-zone.com\/hu\/wp-json\/wp\/v2\/product"}],"about":[{"href":"https:\/\/scroll-zone.com\/hu\/wp-json\/wp\/v2\/types\/product"}],"replies":[{"embeddable":true,"href":"https:\/\/scroll-zone.com\/hu\/wp-json\/wp\/v2\/comments?post=18323"}],"wp:featuredmedia":[{"embeddable":true,"href":"https:\/\/scroll-zone.com\/hu\/wp-json\/wp\/v2\/media\/18329"}],"wp:attachment":[{"href":"https:\/\/scroll-zone.com\/hu\/wp-json\/wp\/v2\/media?parent=18323"}],"wp:term":[{"taxonomy":"product_brand","embeddable":true,"href":"https:\/\/scroll-zone.com\/hu\/wp-json\/wp\/v2\/product_brand?post=18323"},{"taxonomy":"product_cat","embeddable":true,"href":"https:\/\/scroll-zone.com\/hu\/wp-json\/wp\/v2\/product_cat?post=18323"},{"taxonomy":"product_tag","embeddable":true,"href":"https:\/\/scroll-zone.com\/hu\/wp-json\/wp\/v2\/product_tag?post=18323"}],"curies":[{"name":"wp","href":"https:\/\/api.w.org\/{rel}","templated":true}]}}