{"id":18231,"date":"2025-05-30T17:58:33","date_gmt":"2025-05-30T15:58:33","guid":{"rendered":"https:\/\/scroll-zone.com\/hu\/termek\/minibathtub-product\/"},"modified":"2026-04-20T14:50:57","modified_gmt":"2026-04-20T12:50:57","slug":"hordozhato-spa-kad","status":"publish","type":"product","link":"https:\/\/scroll-zone.com\/hu\/termek\/hordozhato-spa-kad\/","title":{"rendered":"Hordozhat\u00f3 spa k\u00e1d"},"content":{"rendered":"","protected":false},"excerpt":{"rendered":"<p>A hordozhat\u00f3 mini k\u00e1d ide\u00e1lis megold\u00e1s a relax\u00e1ci\u00f3hoz b\u00e1rmilyen t\u00e9rben \u2013 otthon, utaz\u00e1s k\u00f6zben vagy ak\u00e1r a szabadban. Az \u00f6sszecsukhat\u00f3 kialak\u00edt\u00e1snak k\u00f6sz\u00f6nhet\u0151en minim\u00e1lis helyet foglal \u00e9s k\u00f6nnyen sz\u00e1ll\u00edthat\u00f3. Biztons\u00e1gos, k\u00e9nyelmes \u00e9s h\u0151szigetel\u0151 anyagokb\u00f3l k\u00e9sz\u00fclt, teljes spa \u00e9lm\u00e9nyt ny\u00fajt.<\/p>\n","protected":false},"featured_media":18245,"comment_status":"closed","ping_status":"closed","template":"","meta":{"inline_featured_image":false},"product_brand":[],"product_cat":[15,27,35],"product_tag":[],"class_list":{"0":"post-18231","1":"product","2":"type-product","3":"status-publish","4":"has-post-thumbnail","6":"product_cat-uncategorized","7":"product_cat-home","8":"product_cat-fun","10":"first","11":"instock","12":"sale","13":"taxable","14":"shipping-taxable","15":"purchasable","16":"product-type-simple"},"acf":[],"_links":{"self":[{"href":"https:\/\/scroll-zone.com\/hu\/wp-json\/wp\/v2\/product\/18231","targetHints":{"allow":["GET"]}}],"collection":[{"href":"https:\/\/scroll-zone.com\/hu\/wp-json\/wp\/v2\/product"}],"about":[{"href":"https:\/\/scroll-zone.com\/hu\/wp-json\/wp\/v2\/types\/product"}],"replies":[{"embeddable":true,"href":"https:\/\/scroll-zone.com\/hu\/wp-json\/wp\/v2\/comments?post=18231"}],"wp:featuredmedia":[{"embeddable":true,"href":"https:\/\/scroll-zone.com\/hu\/wp-json\/wp\/v2\/media\/18245"}],"wp:attachment":[{"href":"https:\/\/scroll-zone.com\/hu\/wp-json\/wp\/v2\/media?parent=18231"}],"wp:term":[{"taxonomy":"product_brand","embeddable":true,"href":"https:\/\/scroll-zone.com\/hu\/wp-json\/wp\/v2\/product_brand?post=18231"},{"taxonomy":"product_cat","embeddable":true,"href":"https:\/\/scroll-zone.com\/hu\/wp-json\/wp\/v2\/product_cat?post=18231"},{"taxonomy":"product_tag","embeddable":true,"href":"https:\/\/scroll-zone.com\/hu\/wp-json\/wp\/v2\/product_tag?post=18231"}],"curies":[{"name":"wp","href":"https:\/\/api.w.org\/{rel}","templated":true}]}}