{"id":18195,"date":"2025-05-28T20:17:36","date_gmt":"2025-05-28T18:17:36","guid":{"rendered":"https:\/\/scroll-zone.com\/hu\/termek\/magicshelfvo-product\/"},"modified":"2026-04-25T11:31:16","modified_gmt":"2026-04-25T09:31:16","slug":"varazslatos-szef-polc","status":"publish","type":"product","link":"https:\/\/scroll-zone.com\/hu\/termek\/varazslatos-szef-polc\/","title":{"rendered":"Var\u00e1zslatos sz\u00e9f polc"},"content":{"rendered":"","protected":false},"excerpt":{"rendered":"<p>A m\u00e1gikus sz\u00e9f polc ide\u00e1lis megold\u00e1s azok sz\u00e1m\u00e1ra, akik az eleganci\u00e1t a biztons\u00e1ggal szeretn\u00e9k \u00f6tv\u00f6zni. Els\u0151 pillant\u00e1sra \u00fagy n\u00e9z ki, mint egy egyszer\u0171 dekorat\u00edv polc, de bel\u00fcl egy okosan megtervezett titkos sz\u00e9fet rejt. T\u00f6k\u00e9letes b\u00fatordarab a modern otthon sz\u00e1m\u00e1ra, amely v\u00e9di \u00e9rt\u00e9keit.<\/p>\n","protected":false},"featured_media":18203,"comment_status":"closed","ping_status":"closed","template":"","meta":{"inline_featured_image":false},"product_brand":[],"product_cat":[15,27,35],"product_tag":[],"class_list":{"0":"post-18195","1":"product","2":"type-product","3":"status-publish","4":"has-post-thumbnail","6":"product_cat-uncategorized","7":"product_cat-home","8":"product_cat-fun","10":"first","11":"instock","12":"sale","13":"taxable","14":"shipping-taxable","15":"purchasable","16":"product-type-simple"},"acf":[],"_links":{"self":[{"href":"https:\/\/scroll-zone.com\/hu\/wp-json\/wp\/v2\/product\/18195","targetHints":{"allow":["GET"]}}],"collection":[{"href":"https:\/\/scroll-zone.com\/hu\/wp-json\/wp\/v2\/product"}],"about":[{"href":"https:\/\/scroll-zone.com\/hu\/wp-json\/wp\/v2\/types\/product"}],"replies":[{"embeddable":true,"href":"https:\/\/scroll-zone.com\/hu\/wp-json\/wp\/v2\/comments?post=18195"}],"wp:featuredmedia":[{"embeddable":true,"href":"https:\/\/scroll-zone.com\/hu\/wp-json\/wp\/v2\/media\/18203"}],"wp:attachment":[{"href":"https:\/\/scroll-zone.com\/hu\/wp-json\/wp\/v2\/media?parent=18195"}],"wp:term":[{"taxonomy":"product_brand","embeddable":true,"href":"https:\/\/scroll-zone.com\/hu\/wp-json\/wp\/v2\/product_brand?post=18195"},{"taxonomy":"product_cat","embeddable":true,"href":"https:\/\/scroll-zone.com\/hu\/wp-json\/wp\/v2\/product_cat?post=18195"},{"taxonomy":"product_tag","embeddable":true,"href":"https:\/\/scroll-zone.com\/hu\/wp-json\/wp\/v2\/product_tag?post=18195"}],"curies":[{"name":"wp","href":"https:\/\/api.w.org\/{rel}","templated":true}]}}