{"id":17775,"date":"2025-04-27T02:36:57","date_gmt":"2025-04-27T00:36:57","guid":{"rendered":"https:\/\/scroll-zone.com\/hu\/termek\/masksvo-product\/"},"modified":"2025-09-18T12:37:42","modified_gmt":"2025-09-18T10:37:42","slug":"maszkok-valodi-arccal","status":"publish","type":"product","link":"https:\/\/scroll-zone.com\/hu\/termek\/maszkok-valodi-arccal\/","title":{"rendered":"Maszkok val\u00f3di arccal"},"content":{"rendered":"","protected":false},"excerpt":{"rendered":"<p>V\u00e1ltozz \u00e1t valaki m\u00e1ss\u00e1 egy pillanat alatt!<\/p>\n<p>Kiv\u00e1l\u00f3 min\u0151s\u00e9g\u0171, term\u00e9szetes latexb\u0151l k\u00e9sz\u00fclt \u00e9leth\u0171 maszkok. T\u00f6k\u00e9letesek Halloweenre, jelmezb\u00e1lokra, tematikus bulikra vagy felejthetetlen tr\u00e9f\u00e1kra a bar\u00e1tokkal.<\/p>\n","protected":false},"featured_media":17833,"comment_status":"closed","ping_status":"closed","template":"","meta":{"inline_featured_image":false},"product_brand":[],"product_cat":[15,27,35],"product_tag":[],"class_list":{"0":"post-17775","1":"product","2":"type-product","3":"status-publish","4":"has-post-thumbnail","6":"product_cat-uncategorized","7":"product_cat-home","8":"product_cat-fun","10":"first","11":"instock","12":"sale","13":"taxable","14":"shipping-taxable","15":"purchasable","16":"product-type-simple"},"acf":[],"_links":{"self":[{"href":"https:\/\/scroll-zone.com\/hu\/wp-json\/wp\/v2\/product\/17775","targetHints":{"allow":["GET"]}}],"collection":[{"href":"https:\/\/scroll-zone.com\/hu\/wp-json\/wp\/v2\/product"}],"about":[{"href":"https:\/\/scroll-zone.com\/hu\/wp-json\/wp\/v2\/types\/product"}],"replies":[{"embeddable":true,"href":"https:\/\/scroll-zone.com\/hu\/wp-json\/wp\/v2\/comments?post=17775"}],"wp:featuredmedia":[{"embeddable":true,"href":"https:\/\/scroll-zone.com\/hu\/wp-json\/wp\/v2\/media\/17833"}],"wp:attachment":[{"href":"https:\/\/scroll-zone.com\/hu\/wp-json\/wp\/v2\/media?parent=17775"}],"wp:term":[{"taxonomy":"product_brand","embeddable":true,"href":"https:\/\/scroll-zone.com\/hu\/wp-json\/wp\/v2\/product_brand?post=17775"},{"taxonomy":"product_cat","embeddable":true,"href":"https:\/\/scroll-zone.com\/hu\/wp-json\/wp\/v2\/product_cat?post=17775"},{"taxonomy":"product_tag","embeddable":true,"href":"https:\/\/scroll-zone.com\/hu\/wp-json\/wp\/v2\/product_tag?post=17775"}],"curies":[{"name":"wp","href":"https:\/\/api.w.org\/{rel}","templated":true}]}}