{"id":24366,"date":"2026-03-10T12:54:21","date_gmt":"2026-03-10T11:54:21","guid":{"rendered":"https:\/\/scroll-zone.com\/hr\/proizvod\/bckup-tracne-product\/"},"modified":"2026-03-10T17:21:34","modified_gmt":"2026-03-10T16:21:34","slug":"sprava-za-istezanje-vratne-kraljeznice-i-opustanje-leda","status":"publish","type":"product","link":"https:\/\/scroll-zone.com\/hr\/proizvod\/sprava-za-istezanje-vratne-kraljeznice-i-opustanje-leda\/","title":{"rendered":"Sprava za istezanje vratne kralje\u017enice i opu\u0161tanje le\u0111a"},"content":{"rendered":"","protected":false},"excerpt":{"rendered":"<p>Ovaj ure\u0111aj je osmi\u0161ljen za nje\u017eno istezanje vratnog dijela kralje\u017enice i smanjenje pritiska koji nastaje zbog dugog sjedenja, stresa i lo\u0161eg dr\u017eanja tijela.<br \/>\nRedovitom upotrebom poma\u017ee opu\u0161tanju mi\u0161i\u0107a vrata i ramena, \u0161to mo\u017ee doprinijeti boljoj pokretljivosti i osje\u0107aju lako\u0107e u gornjem dijelu tijela.<br \/>\nJednostavan je za kori\u0161tenje kod ku\u0107e i pru\u017ea ugodan osje\u0107aj rastere\u0107enja nakon svakodnevnih napora.<\/p>\n","protected":false},"featured_media":24367,"comment_status":"closed","ping_status":"closed","template":"","meta":{"inline_featured_image":false},"product_brand":[],"product_cat":[15,27,24,35],"product_tag":[],"class_list":{"0":"post-24366","1":"product","2":"type-product","3":"status-publish","4":"has-post-thumbnail","6":"product_cat-uncategorized","7":"product_cat-home","8":"product_cat-sale","9":"product_cat-fun","11":"first","12":"instock","13":"sale","14":"taxable","15":"shipping-taxable","16":"purchasable","17":"product-type-simple"},"acf":[],"_links":{"self":[{"href":"https:\/\/scroll-zone.com\/hr\/wp-json\/wp\/v2\/product\/24366","targetHints":{"allow":["GET"]}}],"collection":[{"href":"https:\/\/scroll-zone.com\/hr\/wp-json\/wp\/v2\/product"}],"about":[{"href":"https:\/\/scroll-zone.com\/hr\/wp-json\/wp\/v2\/types\/product"}],"replies":[{"embeddable":true,"href":"https:\/\/scroll-zone.com\/hr\/wp-json\/wp\/v2\/comments?post=24366"}],"wp:featuredmedia":[{"embeddable":true,"href":"https:\/\/scroll-zone.com\/hr\/wp-json\/wp\/v2\/media\/24367"}],"wp:attachment":[{"href":"https:\/\/scroll-zone.com\/hr\/wp-json\/wp\/v2\/media?parent=24366"}],"wp:term":[{"taxonomy":"product_brand","embeddable":true,"href":"https:\/\/scroll-zone.com\/hr\/wp-json\/wp\/v2\/product_brand?post=24366"},{"taxonomy":"product_cat","embeddable":true,"href":"https:\/\/scroll-zone.com\/hr\/wp-json\/wp\/v2\/product_cat?post=24366"},{"taxonomy":"product_tag","embeddable":true,"href":"https:\/\/scroll-zone.com\/hr\/wp-json\/wp\/v2\/product_tag?post=24366"}],"curies":[{"name":"wp","href":"https:\/\/api.w.org\/{rel}","templated":true}]}}