{"id":24158,"date":"2026-03-05T15:28:53","date_gmt":"2026-03-05T14:28:53","guid":{"rendered":"https:\/\/scroll-zone.com\/hr\/proizvod\/airl-v-product\/"},"modified":"2026-03-05T16:33:18","modified_gmt":"2026-03-05T15:33:18","slug":"traka-za-oblikovanje-i-lifting-lica-v-line","status":"publish","type":"product","link":"https:\/\/scroll-zone.com\/hr\/proizvod\/traka-za-oblikovanje-i-lifting-lica-v-line\/","title":{"rendered":"Traka za oblikovanje i lifting lica V-Line"},"content":{"rendered":"","protected":false},"excerpt":{"rendered":"<p>V-Line traka za lifting lica poma\u017ee da lice izgleda zategnutije i definiranije na potpuno jednostavan na\u010din. Poseban dizajn s pumpicom na zrak stvara blagi pritisak koji podupire liniju \u010deljusti i obraze. Idealna je za svakodnevnu rutinu njege kada \u017eelite da lice izgleda svje\u017eije i oblikovanije.<\/p>\n","protected":false},"featured_media":24159,"comment_status":"closed","ping_status":"closed","template":"","meta":{"inline_featured_image":false},"product_brand":[],"product_cat":[15,28,35,26],"product_tag":[],"class_list":{"0":"post-24158","1":"product","2":"type-product","3":"status-publish","4":"has-post-thumbnail","6":"product_cat-uncategorized","7":"product_cat-beauty","8":"product_cat-fun","9":"product_cat-health","11":"first","12":"instock","13":"sale","14":"taxable","15":"shipping-taxable","16":"purchasable","17":"product-type-simple"},"acf":[],"_links":{"self":[{"href":"https:\/\/scroll-zone.com\/hr\/wp-json\/wp\/v2\/product\/24158","targetHints":{"allow":["GET"]}}],"collection":[{"href":"https:\/\/scroll-zone.com\/hr\/wp-json\/wp\/v2\/product"}],"about":[{"href":"https:\/\/scroll-zone.com\/hr\/wp-json\/wp\/v2\/types\/product"}],"replies":[{"embeddable":true,"href":"https:\/\/scroll-zone.com\/hr\/wp-json\/wp\/v2\/comments?post=24158"}],"wp:featuredmedia":[{"embeddable":true,"href":"https:\/\/scroll-zone.com\/hr\/wp-json\/wp\/v2\/media\/24159"}],"wp:attachment":[{"href":"https:\/\/scroll-zone.com\/hr\/wp-json\/wp\/v2\/media?parent=24158"}],"wp:term":[{"taxonomy":"product_brand","embeddable":true,"href":"https:\/\/scroll-zone.com\/hr\/wp-json\/wp\/v2\/product_brand?post=24158"},{"taxonomy":"product_cat","embeddable":true,"href":"https:\/\/scroll-zone.com\/hr\/wp-json\/wp\/v2\/product_cat?post=24158"},{"taxonomy":"product_tag","embeddable":true,"href":"https:\/\/scroll-zone.com\/hr\/wp-json\/wp\/v2\/product_tag?post=24158"}],"curies":[{"name":"wp","href":"https:\/\/api.w.org\/{rel}","templated":true}]}}