{"id":23492,"date":"2026-02-11T12:44:31","date_gmt":"2026-02-11T11:44:31","guid":{"rendered":"https:\/\/scroll-zone.com\/hr\/proizvod\/matgnd-product\/"},"modified":"2026-03-10T18:28:41","modified_gmt":"2026-03-10T17:28:41","slug":"podloga-za-uzemljenje","status":"publish","type":"product","link":"https:\/\/scroll-zone.com\/hr\/proizvod\/podloga-za-uzemljenje\/","title":{"rendered":"Podloga za uzemljenje"},"content":{"rendered":"","protected":false},"excerpt":{"rendered":"<p>Podloga za uzemljenje omogu\u0107ava direktnu povezanost tijela sa zemljom za prirodnu elektri\u010dnu ravnote\u017eu.<br \/>\nPoma\u017ee u smanjenju stresa, bolova u mi\u0161i\u0107ima i pobolj\u0161ava kvalitetu sna.<br \/>\nJednostavna je za postavljanje i upotrebu kod ku\u0107e ili na poslu.<\/p>\n","protected":false},"featured_media":23493,"comment_status":"closed","ping_status":"closed","template":"","meta":{"inline_featured_image":false},"product_brand":[],"product_cat":[15,27,28,26],"product_tag":[],"class_list":{"0":"post-23492","1":"product","2":"type-product","3":"status-publish","4":"has-post-thumbnail","6":"product_cat-uncategorized","7":"product_cat-home","8":"product_cat-beauty","9":"product_cat-health","11":"first","12":"instock","13":"sale","14":"taxable","15":"shipping-taxable","16":"purchasable","17":"product-type-simple"},"acf":[],"_links":{"self":[{"href":"https:\/\/scroll-zone.com\/hr\/wp-json\/wp\/v2\/product\/23492","targetHints":{"allow":["GET"]}}],"collection":[{"href":"https:\/\/scroll-zone.com\/hr\/wp-json\/wp\/v2\/product"}],"about":[{"href":"https:\/\/scroll-zone.com\/hr\/wp-json\/wp\/v2\/types\/product"}],"replies":[{"embeddable":true,"href":"https:\/\/scroll-zone.com\/hr\/wp-json\/wp\/v2\/comments?post=23492"}],"wp:featuredmedia":[{"embeddable":true,"href":"https:\/\/scroll-zone.com\/hr\/wp-json\/wp\/v2\/media\/23493"}],"wp:attachment":[{"href":"https:\/\/scroll-zone.com\/hr\/wp-json\/wp\/v2\/media?parent=23492"}],"wp:term":[{"taxonomy":"product_brand","embeddable":true,"href":"https:\/\/scroll-zone.com\/hr\/wp-json\/wp\/v2\/product_brand?post=23492"},{"taxonomy":"product_cat","embeddable":true,"href":"https:\/\/scroll-zone.com\/hr\/wp-json\/wp\/v2\/product_cat?post=23492"},{"taxonomy":"product_tag","embeddable":true,"href":"https:\/\/scroll-zone.com\/hr\/wp-json\/wp\/v2\/product_tag?post=23492"}],"curies":[{"name":"wp","href":"https:\/\/api.w.org\/{rel}","templated":true}]}}