{"id":23194,"date":"2026-02-06T12:40:01","date_gmt":"2026-02-06T11:40:01","guid":{"rendered":"https:\/\/scroll-zone.com\/hr\/proizvod\/bound1-product\/"},"modified":"2026-04-18T11:42:00","modified_gmt":"2026-04-18T09:42:00","slug":"diskretni-set-za-fiksiranje-ispod-madraca","status":"publish","type":"product","link":"https:\/\/scroll-zone.com\/hr\/proizvod\/diskretni-set-za-fiksiranje-ispod-madraca\/","title":{"rendered":"Diskretni set za fiksiranje ispod madraca"},"content":{"rendered":"","protected":false},"excerpt":{"rendered":"<p>Diskretni set za fiksiranje ispod madraca osmi\u0161ljen je za stabilno, sigurno i udobno pozicioniranje u privatnom okru\u017eenju. Postavlja se jednostavno, bez trajnih izmjena kreveta ili namje\u0161taja, i prilago\u0111ava se razli\u010ditim dimenzijama. Namijenjen je onima koji \u017eele pouzdano rje\u0161enje koje spaja funkcionalnost, udobnost i diskreciju.<\/p>\n","protected":false},"featured_media":23195,"comment_status":"closed","ping_status":"closed","template":"","meta":{"inline_featured_image":false},"product_brand":[],"product_cat":[15,27,24,35],"product_tag":[],"class_list":{"0":"post-23194","1":"product","2":"type-product","3":"status-publish","4":"has-post-thumbnail","6":"product_cat-uncategorized","7":"product_cat-home","8":"product_cat-sale","9":"product_cat-fun","11":"first","12":"instock","13":"sale","14":"taxable","15":"shipping-taxable","16":"purchasable","17":"product-type-simple"},"acf":[],"_links":{"self":[{"href":"https:\/\/scroll-zone.com\/hr\/wp-json\/wp\/v2\/product\/23194","targetHints":{"allow":["GET"]}}],"collection":[{"href":"https:\/\/scroll-zone.com\/hr\/wp-json\/wp\/v2\/product"}],"about":[{"href":"https:\/\/scroll-zone.com\/hr\/wp-json\/wp\/v2\/types\/product"}],"replies":[{"embeddable":true,"href":"https:\/\/scroll-zone.com\/hr\/wp-json\/wp\/v2\/comments?post=23194"}],"wp:featuredmedia":[{"embeddable":true,"href":"https:\/\/scroll-zone.com\/hr\/wp-json\/wp\/v2\/media\/23195"}],"wp:attachment":[{"href":"https:\/\/scroll-zone.com\/hr\/wp-json\/wp\/v2\/media?parent=23194"}],"wp:term":[{"taxonomy":"product_brand","embeddable":true,"href":"https:\/\/scroll-zone.com\/hr\/wp-json\/wp\/v2\/product_brand?post=23194"},{"taxonomy":"product_cat","embeddable":true,"href":"https:\/\/scroll-zone.com\/hr\/wp-json\/wp\/v2\/product_cat?post=23194"},{"taxonomy":"product_tag","embeddable":true,"href":"https:\/\/scroll-zone.com\/hr\/wp-json\/wp\/v2\/product_tag?post=23194"}],"curies":[{"name":"wp","href":"https:\/\/api.w.org\/{rel}","templated":true}]}}