{"id":22699,"date":"2026-01-30T17:19:34","date_gmt":"2026-01-30T16:19:34","guid":{"rendered":"https:\/\/scroll-zone.com\/hr\/proizvod\/batpmp1-product\/"},"modified":"2026-03-10T18:29:13","modified_gmt":"2026-03-10T17:29:13","slug":"prijenosno-crijevo-s-pumpom","status":"publish","type":"product","link":"https:\/\/scroll-zone.com\/hr\/proizvod\/prijenosno-crijevo-s-pumpom\/","title":{"rendered":"Prijenosno crijevo s pumpom"},"content":{"rendered":"","protected":false},"excerpt":{"rendered":"<p>Prijenosna baterijska pumpa omogu\u0107ava brzo, \u010disto i sigurno prebacivanje teku\u0107ina bez te\u0161kog dizanja. Radi na baterije i lako se koristi jednom rukom, \u0161to je \u010dini idealnom za gorivo, vodu i druge teku\u0107ine. Savr\u0161ena je za ku\u0107nu, profesionalnu i hitnu upotrebu.<\/p>\n","protected":false},"featured_media":22700,"comment_status":"closed","ping_status":"closed","template":"","meta":{"inline_featured_image":false},"product_brand":[],"product_cat":[15,25,27,24,35],"product_tag":[],"class_list":{"0":"post-22699","1":"product","2":"type-product","3":"status-publish","4":"has-post-thumbnail","6":"product_cat-uncategorized","7":"product_cat-car","8":"product_cat-home","9":"product_cat-sale","10":"product_cat-fun","12":"first","13":"instock","14":"sale","15":"taxable","16":"shipping-taxable","17":"purchasable","18":"product-type-simple"},"acf":[],"_links":{"self":[{"href":"https:\/\/scroll-zone.com\/hr\/wp-json\/wp\/v2\/product\/22699","targetHints":{"allow":["GET"]}}],"collection":[{"href":"https:\/\/scroll-zone.com\/hr\/wp-json\/wp\/v2\/product"}],"about":[{"href":"https:\/\/scroll-zone.com\/hr\/wp-json\/wp\/v2\/types\/product"}],"replies":[{"embeddable":true,"href":"https:\/\/scroll-zone.com\/hr\/wp-json\/wp\/v2\/comments?post=22699"}],"wp:featuredmedia":[{"embeddable":true,"href":"https:\/\/scroll-zone.com\/hr\/wp-json\/wp\/v2\/media\/22700"}],"wp:attachment":[{"href":"https:\/\/scroll-zone.com\/hr\/wp-json\/wp\/v2\/media?parent=22699"}],"wp:term":[{"taxonomy":"product_brand","embeddable":true,"href":"https:\/\/scroll-zone.com\/hr\/wp-json\/wp\/v2\/product_brand?post=22699"},{"taxonomy":"product_cat","embeddable":true,"href":"https:\/\/scroll-zone.com\/hr\/wp-json\/wp\/v2\/product_cat?post=22699"},{"taxonomy":"product_tag","embeddable":true,"href":"https:\/\/scroll-zone.com\/hr\/wp-json\/wp\/v2\/product_tag?post=22699"}],"curies":[{"name":"wp","href":"https:\/\/api.w.org\/{rel}","templated":true}]}}