{"id":20879,"date":"2025-12-27T02:01:50","date_gmt":"2025-12-27T01:01:50","guid":{"rendered":"https:\/\/scroll-zone.com\/hr\/proizvod\/bfly2-product\/"},"modified":"2026-03-10T18:30:07","modified_gmt":"2026-03-10T17:30:07","slug":"komplet-ogrlica-i-narukvica-magicni-lepti","status":"publish","type":"product","link":"https:\/\/scroll-zone.com\/hr\/proizvod\/komplet-ogrlica-i-narukvica-magicni-lepti\/","title":{"rendered":"Komplet ogrlica i narukvica Magi\u010dni lepti"},"content":{"rendered":"","protected":false},"excerpt":{"rendered":"<p>Ovaj o\u010daravaju\u0107i komplet sadr\u017ei ogrlicu i narukvicu s plavim leptirima koji nje\u017eno svijetle u mraku. Savr\u0161en je za posebne prilike ili svakodnevno no\u0161enje, dodaju\u0107i da\u0161ak magije i elegancije va\u0161em izgledu. Lagano i udobno, nosi tihu \u010daroliju koja nikada ne prolazi nezapa\u017eeno.<\/p>\n","protected":false},"featured_media":20880,"comment_status":"closed","ping_status":"closed","template":"","meta":{"inline_featured_image":false},"product_brand":[],"product_cat":[15,28,35],"product_tag":[],"class_list":{"0":"post-20879","1":"product","2":"type-product","3":"status-publish","4":"has-post-thumbnail","6":"product_cat-uncategorized","7":"product_cat-beauty","8":"product_cat-fun","10":"first","11":"instock","12":"sale","13":"taxable","14":"shipping-taxable","15":"purchasable","16":"product-type-simple"},"acf":[],"_links":{"self":[{"href":"https:\/\/scroll-zone.com\/hr\/wp-json\/wp\/v2\/product\/20879","targetHints":{"allow":["GET"]}}],"collection":[{"href":"https:\/\/scroll-zone.com\/hr\/wp-json\/wp\/v2\/product"}],"about":[{"href":"https:\/\/scroll-zone.com\/hr\/wp-json\/wp\/v2\/types\/product"}],"replies":[{"embeddable":true,"href":"https:\/\/scroll-zone.com\/hr\/wp-json\/wp\/v2\/comments?post=20879"}],"wp:featuredmedia":[{"embeddable":true,"href":"https:\/\/scroll-zone.com\/hr\/wp-json\/wp\/v2\/media\/20880"}],"wp:attachment":[{"href":"https:\/\/scroll-zone.com\/hr\/wp-json\/wp\/v2\/media?parent=20879"}],"wp:term":[{"taxonomy":"product_brand","embeddable":true,"href":"https:\/\/scroll-zone.com\/hr\/wp-json\/wp\/v2\/product_brand?post=20879"},{"taxonomy":"product_cat","embeddable":true,"href":"https:\/\/scroll-zone.com\/hr\/wp-json\/wp\/v2\/product_cat?post=20879"},{"taxonomy":"product_tag","embeddable":true,"href":"https:\/\/scroll-zone.com\/hr\/wp-json\/wp\/v2\/product_tag?post=20879"}],"curies":[{"name":"wp","href":"https:\/\/api.w.org\/{rel}","templated":true}]}}