{"id":20863,"date":"2025-12-27T01:29:20","date_gmt":"2025-12-27T00:29:20","guid":{"rendered":"https:\/\/scroll-zone.com\/hr\/proizvod\/catchg-product\/"},"modified":"2026-03-10T18:30:15","modified_gmt":"2026-03-10T17:30:15","slug":"humana-visestruka-klopka-za-glodavce","status":"publish","type":"product","link":"https:\/\/scroll-zone.com\/hr\/proizvod\/humana-visestruka-klopka-za-glodavce\/","title":{"rendered":"Humana vi\u0161estruka klopka za glodavce"},"content":{"rendered":"","protected":false},"excerpt":{"rendered":"<p>Humana vi\u0161estruka klopka za glodavce omogu\u0107ava sigurno hvatanje mi\u0161eva i drugih manjih glodavaca bez ozlje\u0111ivanja i ubijanja. Izra\u0111ena je od kvalitetnog pocin\u010danog \u010delika, pogodna za unutarnju i vanjsku upotrebu. Idealno je rje\u0161enje za sve koji \u017eele u\u010dinkovitu, eti\u010dku i dugotrajnu kontrolu glodavaca.<\/p>\n","protected":false},"featured_media":20864,"comment_status":"closed","ping_status":"closed","template":"","meta":{"inline_featured_image":false},"product_brand":[],"product_cat":[15,27,24],"product_tag":[],"class_list":{"0":"post-20863","1":"product","2":"type-product","3":"status-publish","4":"has-post-thumbnail","6":"product_cat-uncategorized","7":"product_cat-home","8":"product_cat-sale","10":"first","11":"instock","12":"sale","13":"taxable","14":"shipping-taxable","15":"purchasable","16":"product-type-simple"},"acf":[],"_links":{"self":[{"href":"https:\/\/scroll-zone.com\/hr\/wp-json\/wp\/v2\/product\/20863","targetHints":{"allow":["GET"]}}],"collection":[{"href":"https:\/\/scroll-zone.com\/hr\/wp-json\/wp\/v2\/product"}],"about":[{"href":"https:\/\/scroll-zone.com\/hr\/wp-json\/wp\/v2\/types\/product"}],"replies":[{"embeddable":true,"href":"https:\/\/scroll-zone.com\/hr\/wp-json\/wp\/v2\/comments?post=20863"}],"wp:featuredmedia":[{"embeddable":true,"href":"https:\/\/scroll-zone.com\/hr\/wp-json\/wp\/v2\/media\/20864"}],"wp:attachment":[{"href":"https:\/\/scroll-zone.com\/hr\/wp-json\/wp\/v2\/media?parent=20863"}],"wp:term":[{"taxonomy":"product_brand","embeddable":true,"href":"https:\/\/scroll-zone.com\/hr\/wp-json\/wp\/v2\/product_brand?post=20863"},{"taxonomy":"product_cat","embeddable":true,"href":"https:\/\/scroll-zone.com\/hr\/wp-json\/wp\/v2\/product_cat?post=20863"},{"taxonomy":"product_tag","embeddable":true,"href":"https:\/\/scroll-zone.com\/hr\/wp-json\/wp\/v2\/product_tag?post=20863"}],"curies":[{"name":"wp","href":"https:\/\/api.w.org\/{rel}","templated":true}]}}